{"id":829,"date":"2024-07-09T23:04:11","date_gmt":"2024-07-09T21:04:11","guid":{"rendered":"https:\/\/www.visicontrol.com\/?page_id=829"},"modified":"2024-07-09T23:04:33","modified_gmt":"2024-07-09T21:04:33","slug":"inselloesungen","status":"publish","type":"page","link":"https:\/\/www.visicontrol.com\/en\/loesungen\/inselloesungen\/","title":{"rendered":"Stand alone solutions"},"content":{"rendered":"<h2 class=\"wp-block-heading\">The flexible solutions for your production<\/h2>\n\n\n\n<div class=\"wp-block-uagb-container uagb-block-66c80ef2 alignfull uagb-is-root-container\"><div class=\"uagb-container-inner-blocks-wrap\">\n<div class=\"wp-block-uagb-container uagb-block-a82ab0ca\">\n<p style=\"margin-top:0;margin-bottom:0\"><strong><strong>Robot cells<\/strong><\/strong><br>Robot cells combine complex handling and industrial image processing in a compact housing. Together with robot manufacturers, Visicontrol delivers turnkey solutions directly to your production facility.<\/p>\n<\/div>\n\n\n\n<div class=\"wp-block-uagb-container uagb-block-c0e776ac\">\n<p><strong>Spot inspection station<\/strong><br>If your production does not require a mandatory 100% inspection, a fully configured manual inspection station can inspect random samples with manual feeding and removal of the components. An automated test report on the component and quality is just as important as automatic sorting using a drop rail.<br>The classic area of application here is incoming and outgoing goods.<\/p>\n<\/div>\n\n\n\n<div class=\"wp-block-uagb-container uagb-block-989007ec\">\n<p><strong>Rework inspection station for ejected high-quality products<\/strong><br>If your production facility manufactures high-quality products, it is often worth taking a second look to see whether the discarded parts are just easily removable dirt or chips.<br>The components that can be categorised in this way end up in a specially designed container at the upstream inspection system, for example. From there, the employees can take a second look at the components, carry out the necessary rework and send the component through the inspection process again. These rework steps are fully traceable and can be documented in the test report if required.<\/p>\n<\/div>\n\n\n\n<div class=\"wp-block-uagb-container uagb-block-d59fce6a\">\n<p><strong>Manual inspection station<\/strong><br>If the quantity produced or the requirements of the test task cannot be satisfactorily mapped with our standard solutions, we also offer our customers stand-alone test devices or manual test stations. These make it possible to test large or complex components with manual support. The direct feedback can be output as an automated test report at the manual test station.<br>In the case of high-quality products, a manual inspection station can be used as an inspection station in order to carry out a human-visual evaluation of the components in the event of ambiguous defects.<br>To eliminate visual workload for the operator, rework stations are equipped with infrared sensors and lighting.<\/p>\n<\/div>\n<\/div><\/div>\n\n\n\n<div class=\"wp-block-uagb-container uagb-block-f96d394c alignfull uagb-is-root-container\"><div class=\"uagb-container-inner-blocks-wrap\">\n<div class=\"wp-block-uagb-container uagb-block-98fc7db3\">\n<p style=\"margin-top:0;margin-bottom:0\"><strong>Manual  inspection station for components with large dimensions<\/strong><\/p>\n<\/div>\n\n\n\n<div class=\"wp-block-uagb-container uagb-block-677aa84c\">\n<p><strong>Manual inspection station for components with additional handling requirements<\/strong><br>Components that have special handling requirements due to their properties (e.g. crack detection for rubber or silicone parts) can be reliably tested for various attributes and dimensional accuracy in a manual test station.<\/p>\n<\/div>\n<\/div><\/div>\n\n\n\n<div style=\"height:100px\" aria-hidden=\"true\" class=\"wp-block-spacer\"><\/div>","protected":false},"excerpt":{"rendered":"<p>Die flexiblen L\u00f6sungen f\u00fcr Ihre Fertigung RoboterzellenRoboterzellen vereinen komplexes Handhaben und industrielle Bildverarbeitung in einem kompakten Geh\u00e4use. Gemeinsam mit Roboterherstellern [&hellip;]<\/p>\n","protected":false},"author":2,"featured_media":0,"parent":379,"menu_order":0,"comment_status":"closed","ping_status":"closed","template":"","meta":{"_uag_custom_page_level_css":"","site-sidebar-layout":"default","site-content-layout":"","ast-site-content-layout":"default","site-content-style":"default","site-sidebar-style":"default","ast-global-header-display":"","ast-banner-title-visibility":"","ast-main-header-display":"","ast-hfb-above-header-display":"","ast-hfb-below-header-display":"","ast-hfb-mobile-header-display":"","site-post-title":"","ast-breadcrumbs-content":"","ast-featured-img":"","footer-sml-layout":"","ast-disable-related-posts":"","theme-transparent-header-meta":"","adv-header-id-meta":"","stick-header-meta":"","header-above-stick-meta":"","header-main-stick-meta":"","header-below-stick-meta":"","astra-migrate-meta-layouts":"default","ast-page-background-enabled":"default","ast-page-background-meta":{"desktop":{"background-color":"var(--ast-global-color-4)","background-image":"","background-repeat":"repeat","background-position":"center center","background-size":"auto","background-attachment":"scroll","background-type":"","background-media":"","overlay-type":"","overlay-color":"","overlay-opacity":"","overlay-gradient":""},"tablet":{"background-color":"","background-image":"","background-repeat":"repeat","background-position":"center center","background-size":"auto","background-attachment":"scroll","background-type":"","background-media":"","overlay-type":"","overlay-color":"","overlay-opacity":"","overlay-gradient":""},"mobile":{"background-color":"","background-image":"","background-repeat":"repeat","background-position":"center center","background-size":"auto","background-attachment":"scroll","background-type":"","background-media":"","overlay-type":"","overlay-color":"","overlay-opacity":"","overlay-gradient":""}},"ast-content-background-meta":{"desktop":{"background-color":"var(--ast-global-color-5)","background-image":"","background-repeat":"repeat","background-position":"center center","background-size":"auto","background-attachment":"scroll","background-type":"","background-media":"","overlay-type":"","overlay-color":"","overlay-opacity":"","overlay-gradient":""},"tablet":{"background-color":"var(--ast-global-color-5)","background-image":"","background-repeat":"repeat","background-position":"center center","background-size":"auto","background-attachment":"scroll","background-type":"","background-media":"","overlay-type":"","overlay-color":"","overlay-opacity":"","overlay-gradient":""},"mobile":{"background-color":"var(--ast-global-color-5)","background-image":"","background-repeat":"repeat","background-position":"center center","background-size":"auto","background-attachment":"scroll","background-type":"","background-media":"","overlay-type":"","overlay-color":"","overlay-opacity":"","overlay-gradient":""}},"footnotes":""},"class_list":["post-829","page","type-page","status-publish","hentry"],"yoast_head":"<!-- This site is optimized with the Yoast SEO plugin v27.4 - https:\/\/yoast.com\/product\/yoast-seo-wordpress\/ -->\n<title>Insell\u00f6sungen - visicontrol<\/title>\n<meta name=\"robots\" content=\"index, follow, max-snippet:-1, max-image-preview:large, max-video-preview:-1\" \/>\n<link rel=\"canonical\" href=\"https:\/\/www.visicontrol.com\/en\/loesungen\/inselloesungen\/\" \/>\n<meta property=\"og:locale\" content=\"en_GB\" \/>\n<meta property=\"og:type\" content=\"article\" \/>\n<meta property=\"og:title\" content=\"Insell\u00f6sungen - visicontrol\" \/>\n<meta property=\"og:description\" content=\"Die flexiblen L\u00f6sungen f\u00fcr Ihre Fertigung RoboterzellenRoboterzellen vereinen komplexes Handhaben und industrielle Bildverarbeitung in einem kompakten Geh\u00e4use. Gemeinsam mit Roboterherstellern [&hellip;]\" \/>\n<meta property=\"og:url\" content=\"https:\/\/www.visicontrol.com\/en\/loesungen\/inselloesungen\/\" \/>\n<meta property=\"og:site_name\" content=\"visicontrol\" \/>\n<meta property=\"article:modified_time\" content=\"2024-07-09T21:04:33+00:00\" \/>\n<meta name=\"twitter:card\" content=\"summary_large_image\" \/>\n<meta name=\"twitter:label1\" content=\"Estimated reading time\" \/>\n\t<meta name=\"twitter:data1\" content=\"2 minutes\" \/>\n<script type=\"application\/ld+json\" class=\"yoast-schema-graph\">{\"@context\":\"https:\\\/\\\/schema.org\",\"@graph\":[{\"@type\":\"WebPage\",\"@id\":\"https:\\\/\\\/www.visicontrol.com\\\/loesungen\\\/inselloesungen\\\/\",\"url\":\"https:\\\/\\\/www.visicontrol.com\\\/loesungen\\\/inselloesungen\\\/\",\"name\":\"Insell\u00f6sungen - visicontrol\",\"isPartOf\":{\"@id\":\"https:\\\/\\\/www.visicontrol.com\\\/#website\"},\"datePublished\":\"2024-07-09T21:04:11+00:00\",\"dateModified\":\"2024-07-09T21:04:33+00:00\",\"breadcrumb\":{\"@id\":\"https:\\\/\\\/www.visicontrol.com\\\/loesungen\\\/inselloesungen\\\/#breadcrumb\"},\"inLanguage\":\"en-GB\",\"potentialAction\":[{\"@type\":\"ReadAction\",\"target\":[\"https:\\\/\\\/www.visicontrol.com\\\/loesungen\\\/inselloesungen\\\/\"]}]},{\"@type\":\"BreadcrumbList\",\"@id\":\"https:\\\/\\\/www.visicontrol.com\\\/loesungen\\\/inselloesungen\\\/#breadcrumb\",\"itemListElement\":[{\"@type\":\"ListItem\",\"position\":1,\"name\":\"Startseite\",\"item\":\"https:\\\/\\\/www.visicontrol.com\\\/\"},{\"@type\":\"ListItem\",\"position\":2,\"name\":\"L\u00f6sungen\",\"item\":\"https:\\\/\\\/www.visicontrol.com\\\/loesungen\\\/\"},{\"@type\":\"ListItem\",\"position\":3,\"name\":\"Insell\u00f6sungen\"}]},{\"@type\":\"WebSite\",\"@id\":\"https:\\\/\\\/www.visicontrol.com\\\/#website\",\"url\":\"https:\\\/\\\/www.visicontrol.com\\\/\",\"name\":\"visicontrol\",\"description\":\"Mess- und Pr\u00fcfautomatisierung\",\"publisher\":{\"@id\":\"https:\\\/\\\/www.visicontrol.com\\\/#organization\"},\"potentialAction\":[{\"@type\":\"SearchAction\",\"target\":{\"@type\":\"EntryPoint\",\"urlTemplate\":\"https:\\\/\\\/www.visicontrol.com\\\/?s={search_term_string}\"},\"query-input\":{\"@type\":\"PropertyValueSpecification\",\"valueRequired\":true,\"valueName\":\"search_term_string\"}}],\"inLanguage\":\"en-GB\"},{\"@type\":\"Organization\",\"@id\":\"https:\\\/\\\/www.visicontrol.com\\\/#organization\",\"name\":\"visicontrol\",\"url\":\"https:\\\/\\\/www.visicontrol.com\\\/\",\"logo\":{\"@type\":\"ImageObject\",\"inLanguage\":\"en-GB\",\"@id\":\"https:\\\/\\\/www.visicontrol.com\\\/#\\\/schema\\\/logo\\\/image\\\/\",\"url\":\"https:\\\/\\\/www.visicontrol.com\\\/wp-content\\\/uploads\\\/vc_logo2_300dpi.png\",\"contentUrl\":\"https:\\\/\\\/www.visicontrol.com\\\/wp-content\\\/uploads\\\/vc_logo2_300dpi.png\",\"width\":1190,\"height\":333,\"caption\":\"visicontrol\"},\"image\":{\"@id\":\"https:\\\/\\\/www.visicontrol.com\\\/#\\\/schema\\\/logo\\\/image\\\/\"},\"sameAs\":[\"https:\\\/\\\/www.youtube.com\\\/@visicontrol\"]}]}<\/script>\n<!-- \/ Yoast SEO plugin. -->","yoast_head_json":{"title":"Insell\u00f6sungen - visicontrol","robots":{"index":"index","follow":"follow","max-snippet":"max-snippet:-1","max-image-preview":"max-image-preview:large","max-video-preview":"max-video-preview:-1"},"canonical":"https:\/\/www.visicontrol.com\/en\/loesungen\/inselloesungen\/","og_locale":"en_GB","og_type":"article","og_title":"Insell\u00f6sungen - visicontrol","og_description":"Die flexiblen L\u00f6sungen f\u00fcr Ihre Fertigung RoboterzellenRoboterzellen vereinen komplexes Handhaben und industrielle Bildverarbeitung in einem kompakten Geh\u00e4use. Gemeinsam mit Roboterherstellern [&hellip;]","og_url":"https:\/\/www.visicontrol.com\/en\/loesungen\/inselloesungen\/","og_site_name":"visicontrol","article_modified_time":"2024-07-09T21:04:33+00:00","twitter_card":"summary_large_image","twitter_misc":{"Estimated reading time":"2 minutes"},"schema":{"@context":"https:\/\/schema.org","@graph":[{"@type":"WebPage","@id":"https:\/\/www.visicontrol.com\/loesungen\/inselloesungen\/","url":"https:\/\/www.visicontrol.com\/loesungen\/inselloesungen\/","name":"Insell\u00f6sungen - visicontrol","isPartOf":{"@id":"https:\/\/www.visicontrol.com\/#website"},"datePublished":"2024-07-09T21:04:11+00:00","dateModified":"2024-07-09T21:04:33+00:00","breadcrumb":{"@id":"https:\/\/www.visicontrol.com\/loesungen\/inselloesungen\/#breadcrumb"},"inLanguage":"en-GB","potentialAction":[{"@type":"ReadAction","target":["https:\/\/www.visicontrol.com\/loesungen\/inselloesungen\/"]}]},{"@type":"BreadcrumbList","@id":"https:\/\/www.visicontrol.com\/loesungen\/inselloesungen\/#breadcrumb","itemListElement":[{"@type":"ListItem","position":1,"name":"Startseite","item":"https:\/\/www.visicontrol.com\/"},{"@type":"ListItem","position":2,"name":"L\u00f6sungen","item":"https:\/\/www.visicontrol.com\/loesungen\/"},{"@type":"ListItem","position":3,"name":"Insell\u00f6sungen"}]},{"@type":"WebSite","@id":"https:\/\/www.visicontrol.com\/#website","url":"https:\/\/www.visicontrol.com\/","name":"visicontrol","description":"Mess- und Pr\u00fcfautomatisierung","publisher":{"@id":"https:\/\/www.visicontrol.com\/#organization"},"potentialAction":[{"@type":"SearchAction","target":{"@type":"EntryPoint","urlTemplate":"https:\/\/www.visicontrol.com\/?s={search_term_string}"},"query-input":{"@type":"PropertyValueSpecification","valueRequired":true,"valueName":"search_term_string"}}],"inLanguage":"en-GB"},{"@type":"Organization","@id":"https:\/\/www.visicontrol.com\/#organization","name":"visicontrol","url":"https:\/\/www.visicontrol.com\/","logo":{"@type":"ImageObject","inLanguage":"en-GB","@id":"https:\/\/www.visicontrol.com\/#\/schema\/logo\/image\/","url":"https:\/\/www.visicontrol.com\/wp-content\/uploads\/vc_logo2_300dpi.png","contentUrl":"https:\/\/www.visicontrol.com\/wp-content\/uploads\/vc_logo2_300dpi.png","width":1190,"height":333,"caption":"visicontrol"},"image":{"@id":"https:\/\/www.visicontrol.com\/#\/schema\/logo\/image\/"},"sameAs":["https:\/\/www.youtube.com\/@visicontrol"]}]}},"uagb_featured_image_src":{"full":false,"thumbnail":false,"medium":false,"medium_large":false,"large":false,"1536x1536":false,"2048x2048":false,"trp-custom-language-flag":false},"uagb_author_info":{"display_name":"ciwi","author_link":"https:\/\/www.visicontrol.com\/en\/author\/widenhorn\/"},"uagb_comment_info":0,"uagb_excerpt":"Die flexiblen L\u00f6sungen f\u00fcr Ihre Fertigung RoboterzellenRoboterzellen vereinen komplexes Handhaben und industrielle Bildverarbeitung in einem kompakten Geh\u00e4use. Gemeinsam mit Roboterherstellern [&hellip;]","_links":{"self":[{"href":"https:\/\/www.visicontrol.com\/en\/wp-json\/wp\/v2\/pages\/829","targetHints":{"allow":["GET"]}}],"collection":[{"href":"https:\/\/www.visicontrol.com\/en\/wp-json\/wp\/v2\/pages"}],"about":[{"href":"https:\/\/www.visicontrol.com\/en\/wp-json\/wp\/v2\/types\/page"}],"author":[{"embeddable":true,"href":"https:\/\/www.visicontrol.com\/en\/wp-json\/wp\/v2\/users\/2"}],"replies":[{"embeddable":true,"href":"https:\/\/www.visicontrol.com\/en\/wp-json\/wp\/v2\/comments?post=829"}],"version-history":[{"count":2,"href":"https:\/\/www.visicontrol.com\/en\/wp-json\/wp\/v2\/pages\/829\/revisions"}],"predecessor-version":[{"id":831,"href":"https:\/\/www.visicontrol.com\/en\/wp-json\/wp\/v2\/pages\/829\/revisions\/831"}],"up":[{"embeddable":true,"href":"https:\/\/www.visicontrol.com\/en\/wp-json\/wp\/v2\/pages\/379"}],"wp:attachment":[{"href":"https:\/\/www.visicontrol.com\/en\/wp-json\/wp\/v2\/media?parent=829"}],"curies":[{"name":"wp","href":"https:\/\/api.w.org\/{rel}","templated":true}]}}