{"id":820,"date":"2024-07-09T22:33:09","date_gmt":"2024-07-09T20:33:09","guid":{"rendered":"https:\/\/www.visicontrol.com\/?page_id=820"},"modified":"2024-07-09T22:56:33","modified_gmt":"2024-07-09T20:56:33","slug":"loesungen-fuer-industrien","status":"publish","type":"page","link":"https:\/\/www.visicontrol.com\/en\/loesungen\/loesungen-fuer-industrien\/","title":{"rendered":"Solutions for industries"},"content":{"rendered":"<h2 class=\"wp-block-heading\">Quality assurance with industrial image processing<\/h2>\n\n\n\n<p>visicontrol's solutions are used in a wide range of industries for automation and quality assurance with industrial image processing. The successful use of visicontrol solutions is guaranteed by intensive communication and familiarisation with the customer's processes and the industry-specific boundary conditions. In this way, not only are current tasks successfully processed, but further developments are also driven forward.<\/p>\n\n\n\n<div class=\"wp-block-uagb-container uagb-block-66c80ef2 alignfull uagb-is-root-container\"><div class=\"uagb-container-inner-blocks-wrap\">\n<div class=\"wp-block-uagb-container uagb-block-a82ab0ca\">\n<p style=\"margin-top:0;margin-bottom:0\"><strong>Automotive<\/strong><br>The automotive industry and its suppliers place the highest demands on quality and costs. For decades, visicontrol systems have been used wherever the delivery quality of mass-produced parts needs to be guaranteed. visicontrol supports its customers in their zero-defect strategy.<\/p>\n\n\n\n<p style=\"margin-top:0;margin-bottom:0\">Typical test tasks:<\/p>\n\n\n\n<ul class=\"wp-block-list\" style=\"margin-top:0;margin-bottom:0\">\n<li>Dimensional checks in the \u00b5m range<\/li>\n\n\n\n<li>Surface inspection (e.g. discolouration, rust, damage)<\/li>\n\n\n\n<li>Presence check<\/li>\n\n\n\n<li>Position and location<\/li>\n\n\n\n<li>Identification <br>(Barcode, DMC, QR)<\/li>\n\n\n\n<li style=\"margin-top:0;margin-bottom:0\">Topographical defects <br>(scratches, dents, blowholes, grooves, chatter marks)<\/li>\n<\/ul>\n<\/div>\n\n\n\n<div class=\"wp-block-uagb-container uagb-block-c0e776ac\">\n<p style=\"margin-top:0;margin-bottom:0\"><strong>Electronic components<\/strong><br>In the electronics industry, visicontrol's image processing solutions are used not only to monitor assembly lines but also to inspect components such as connectors, connecting elements, fuses and ceramic components.<\/p>\n\n\n\n<p style=\"margin-top:0;margin-bottom:0\">The primary tasks are:<\/p>\n\n\n\n<ul class=\"wp-block-list\" style=\"margin-top:0;margin-bottom:0\">\n<li>Dimensional inaccuracy<\/li>\n\n\n\n<li>Completeness<\/li>\n\n\n\n<li>Position and location<\/li>\n\n\n\n<li>Surface defects<\/li>\n\n\n\n<li>Pin tip control<\/li>\n\n\n\n<li>360\u00b0 control<\/li>\n\n\n\n<li>Discolourations<\/li>\n\n\n\n<li>and much more<\/li>\n<\/ul>\n<\/div>\n\n\n\n<div class=\"wp-block-uagb-container uagb-block-989007ec\">\n<p style=\"margin-top:0;margin-bottom:0\"><strong>Food industry<\/strong><br>In addition to the inspection of the food itself, packaging is of central importance for the automation of quality assurance in the food sector. Machine vision offers the ideal solution for this thanks to its person-independent 100% inspection with traceable inspection criteria.<\/p>\n\n\n\n<p style=\"margin-top:0;margin-bottom:0\">The main tasks here are<\/p>\n\n\n\n<ul class=\"wp-block-list\" style=\"margin-top:0;margin-bottom:0\">\n<li>Packaging control<\/li>\n\n\n\n<li>Location and position<\/li>\n\n\n\n<li>Presence<\/li>\n\n\n\n<li>Identification via OCR<\/li>\n\n\n\n<li>Best before date (BBD)<\/li>\n\n\n\n<li>Shape and volume<\/li>\n\n\n\n<li>Colour<\/li>\n\n\n\n<li>Degree of browning<\/li>\n\n\n\n<li>Sprinkling<\/li>\n\n\n\n<li>Homogeneity<\/li>\n\n\n\n<li>and much more<\/li>\n<\/ul>\n<\/div>\n\n\n\n<div class=\"wp-block-uagb-container uagb-block-d59fce6a\">\n<p style=\"margin-top:0;margin-bottom:0\"><strong>Technical plastics<\/strong><br>In recent years, there has been an increasing emphasis on the automated inspection of parts and assembly monitoring, particularly in the field of injection moulding. visicontrol contributes its expertise in automation in addition to image processing.<\/p>\n\n\n\n<p style=\"margin-top:0;margin-bottom:0\">The typical questions in this area relate to<\/p>\n\n\n\n<ul class=\"wp-block-list\" style=\"margin-top:0;margin-bottom:0\">\n<li>Dimensional inaccuracy<\/li>\n\n\n\n<li>Over and under injections<\/li>\n\n\n\n<li>Breakouts<\/li>\n\n\n\n<li>Cracks, blowholes<\/li>\n\n\n\n<li>Burns, discolouration<\/li>\n\n\n\n<li>webbed feet<\/li>\n\n\n\n<li>Nest recognition (OCR)<\/li>\n\n\n\n<li>Identification (Barcode, DMC, QR)<\/li>\n\n\n\n<li>Flow error<\/li>\n\n\n\n<li>and much more<\/li>\n<\/ul>\n<\/div>\n<\/div><\/div>\n\n\n\n<div class=\"wp-block-uagb-container uagb-block-f96d394c alignfull uagb-is-root-container\"><div class=\"uagb-container-inner-blocks-wrap\">\n<div class=\"wp-block-uagb-container uagb-block-98fc7db3\">\n<p style=\"margin-top:0;margin-bottom:0\"><strong>Medical technology, pharmaceuticals, cosmetics<\/strong><br>The pharmaceutical and medical technology industries face the particular challenge of absolute reliability and continuous documentation and traceability of results. Industrial image processing offers the ideal solution thanks to its 100% person-independent inspection with traceable test criteria.<\/p>\n\n\n\n<p style=\"margin-top:0;margin-bottom:0\">The main tasks here are<\/p>\n\n\n\n<ul class=\"wp-block-list\" style=\"margin-top:0;margin-bottom:0\">\n<li>Packaging control<\/li>\n\n\n\n<li>Fill level control<\/li>\n\n\n\n<li>Contamination control<\/li>\n\n\n\n<li>Completeness check<\/li>\n\n\n\n<li>Location and position<\/li>\n\n\n\n<li>Presence check<\/li>\n\n\n\n<li>Identification via OCR, DMC, QR, Barcode<\/li>\n<\/ul>\n<\/div>\n\n\n\n<div class=\"wp-block-uagb-container uagb-block-677aa84c\">\n<p style=\"margin-top:0;margin-bottom:0\"><strong>Special machine construction<\/strong><br>Special machine builders and testing machine builders use specialised systems from visicontrol to solve complex tasks with image processing and other sensor technology. visicontrol provides support here as a system supplier with complete solutions or supplies the necessary individual components for integration by the special machine builder.<\/p>\n<\/div>\n<\/div><\/div>\n\n\n\n<div class=\"wp-block-uagb-container uagb-block-7652f79a alignfull uagb-is-root-container\"><div class=\"uagb-container-inner-blocks-wrap\">\n<div class=\"wp-block-uagb-container uagb-block-dc8232d0\">\n<p style=\"margin-top:0;margin-bottom:0\"><strong>Metal processing<\/strong><br>Wherever metal parts are manufactured, visicontrol can be found. Our systems inspect and sort mass-produced parts in machining centres with maximum precision and speed.<\/p>\n\n\n\n<p style=\"margin-top:0;margin-bottom:0\">Typical test tasks:<\/p>\n\n\n\n<ul class=\"wp-block-list\" style=\"margin-top:0;margin-bottom:0\">\n<li>Turning<\/li>\n\n\n\n<li>Long turning<\/li>\n\n\n\n<li>Milling<\/li>\n\n\n\n<li>Punching<\/li>\n\n\n\n<li>Cold forming<\/li>\n\n\n\n<li>Pressing<\/li>\n\n\n\n<li>Casting<\/li>\n<\/ul>\n\n\n\n<p style=\"margin-top:0;margin-bottom:0\">One focus here is on fasteners and sealing elements. The following topics in particular are examined in these areas:<\/p>\n\n\n\n<ul class=\"wp-block-list\" style=\"margin-top:0;margin-bottom:0\">\n<li>Dimensional inaccuracy<\/li>\n\n\n\n<li>Presence<\/li>\n\n\n\n<li>Position and location<\/li>\n\n\n\n<li>Surface defects<\/li>\n\n\n\n<li>Cracks<\/li>\n\n\n\n<li>Blowholes and pores<\/li>\n\n\n\n<li>Impact marks and grooves<\/li>\n\n\n\n<li>Chips<\/li>\n\n\n\n<li>OCR\/Datamatrixcode<\/li>\n<\/ul>\n<\/div>\n\n\n\n<div style=\"height:100px\" aria-hidden=\"true\" class=\"wp-block-spacer\"><\/div>\n<\/div><\/div>","protected":false},"excerpt":{"rendered":"<p>Qualit\u00e4tssicherung mit industrieller Bildverarbeitung Die L\u00f6sungen von visicontrol dienen in den unterschiedlichsten Branchen der Automatisierung und Qualit\u00e4tssicherung mit industrieller Bildverarbeitung. [&hellip;]<\/p>\n","protected":false},"author":2,"featured_media":0,"parent":379,"menu_order":0,"comment_status":"closed","ping_status":"closed","template":"","meta":{"_uag_custom_page_level_css":"","site-sidebar-layout":"default","site-content-layout":"","ast-site-content-layout":"default","site-content-style":"default","site-sidebar-style":"default","ast-global-header-display":"","ast-banner-title-visibility":"","ast-main-header-display":"","ast-hfb-above-header-display":"","ast-hfb-below-header-display":"","ast-hfb-mobile-header-display":"","site-post-title":"","ast-breadcrumbs-content":"","ast-featured-img":"","footer-sml-layout":"","ast-disable-related-posts":"","theme-transparent-header-meta":"","adv-header-id-meta":"","stick-header-meta":"","header-above-stick-meta":"","header-main-stick-meta":"","header-below-stick-meta":"","astra-migrate-meta-layouts":"default","ast-page-background-enabled":"default","ast-page-background-meta":{"desktop":{"background-color":"var(--ast-global-color-4)","background-image":"","background-repeat":"repeat","background-position":"center center","background-size":"auto","background-attachment":"scroll","background-type":"","background-media":"","overlay-type":"","overlay-color":"","overlay-opacity":"","overlay-gradient":""},"tablet":{"background-color":"","background-image":"","background-repeat":"repeat","background-position":"center center","background-size":"auto","background-attachment":"scroll","background-type":"","background-media":"","overlay-type":"","overlay-color":"","overlay-opacity":"","overlay-gradient":""},"mobile":{"background-color":"","background-image":"","background-repeat":"repeat","background-position":"center center","background-size":"auto","background-attachment":"scroll","background-type":"","background-media":"","overlay-type":"","overlay-color":"","overlay-opacity":"","overlay-gradient":""}},"ast-content-background-meta":{"desktop":{"background-color":"var(--ast-global-color-5)","background-image":"","background-repeat":"repeat","background-position":"center center","background-size":"auto","background-attachment":"scroll","background-type":"","background-media":"","overlay-type":"","overlay-color":"","overlay-opacity":"","overlay-gradient":""},"tablet":{"background-color":"var(--ast-global-color-5)","background-image":"","background-repeat":"repeat","background-position":"center center","background-size":"auto","background-attachment":"scroll","background-type":"","background-media":"","overlay-type":"","overlay-color":"","overlay-opacity":"","overlay-gradient":""},"mobile":{"background-color":"var(--ast-global-color-5)","background-image":"","background-repeat":"repeat","background-position":"center center","background-size":"auto","background-attachment":"scroll","background-type":"","background-media":"","overlay-type":"","overlay-color":"","overlay-opacity":"","overlay-gradient":""}},"footnotes":""},"class_list":["post-820","page","type-page","status-publish","hentry"],"yoast_head":"<!-- This site is optimized with the Yoast SEO plugin v27.3 - https:\/\/yoast.com\/product\/yoast-seo-wordpress\/ -->\n<title>L\u00f6sungen f\u00fcr Industrien - visicontrol<\/title>\n<meta name=\"robots\" content=\"index, follow, max-snippet:-1, max-image-preview:large, max-video-preview:-1\" \/>\n<link rel=\"canonical\" href=\"https:\/\/www.visicontrol.com\/en\/loesungen\/loesungen-fuer-industrien\/\" \/>\n<meta property=\"og:locale\" content=\"en_GB\" \/>\n<meta property=\"og:type\" content=\"article\" \/>\n<meta property=\"og:title\" content=\"L\u00f6sungen f\u00fcr Industrien - visicontrol\" \/>\n<meta property=\"og:description\" content=\"Qualit\u00e4tssicherung mit industrieller Bildverarbeitung Die L\u00f6sungen von visicontrol dienen in den unterschiedlichsten Branchen der Automatisierung und Qualit\u00e4tssicherung mit industrieller Bildverarbeitung. [&hellip;]\" \/>\n<meta property=\"og:url\" content=\"https:\/\/www.visicontrol.com\/en\/loesungen\/loesungen-fuer-industrien\/\" \/>\n<meta property=\"og:site_name\" content=\"visicontrol\" \/>\n<meta property=\"article:modified_time\" content=\"2024-07-09T20:56:33+00:00\" \/>\n<meta name=\"twitter:card\" content=\"summary_large_image\" \/>\n<meta name=\"twitter:label1\" content=\"Estimated reading time\" \/>\n\t<meta name=\"twitter:data1\" content=\"3 minutes\" \/>\n<script type=\"application\/ld+json\" class=\"yoast-schema-graph\">{\"@context\":\"https:\\\/\\\/schema.org\",\"@graph\":[{\"@type\":\"WebPage\",\"@id\":\"https:\\\/\\\/www.visicontrol.com\\\/loesungen\\\/loesungen-fuer-industrien\\\/\",\"url\":\"https:\\\/\\\/www.visicontrol.com\\\/loesungen\\\/loesungen-fuer-industrien\\\/\",\"name\":\"L\u00f6sungen f\u00fcr Industrien - visicontrol\",\"isPartOf\":{\"@id\":\"https:\\\/\\\/www.visicontrol.com\\\/#website\"},\"datePublished\":\"2024-07-09T20:33:09+00:00\",\"dateModified\":\"2024-07-09T20:56:33+00:00\",\"breadcrumb\":{\"@id\":\"https:\\\/\\\/www.visicontrol.com\\\/loesungen\\\/loesungen-fuer-industrien\\\/#breadcrumb\"},\"inLanguage\":\"en-GB\",\"potentialAction\":[{\"@type\":\"ReadAction\",\"target\":[\"https:\\\/\\\/www.visicontrol.com\\\/loesungen\\\/loesungen-fuer-industrien\\\/\"]}]},{\"@type\":\"BreadcrumbList\",\"@id\":\"https:\\\/\\\/www.visicontrol.com\\\/loesungen\\\/loesungen-fuer-industrien\\\/#breadcrumb\",\"itemListElement\":[{\"@type\":\"ListItem\",\"position\":1,\"name\":\"Startseite\",\"item\":\"https:\\\/\\\/www.visicontrol.com\\\/\"},{\"@type\":\"ListItem\",\"position\":2,\"name\":\"L\u00f6sungen\",\"item\":\"https:\\\/\\\/www.visicontrol.com\\\/loesungen\\\/\"},{\"@type\":\"ListItem\",\"position\":3,\"name\":\"L\u00f6sungen f\u00fcr Industrien\"}]},{\"@type\":\"WebSite\",\"@id\":\"https:\\\/\\\/www.visicontrol.com\\\/#website\",\"url\":\"https:\\\/\\\/www.visicontrol.com\\\/\",\"name\":\"visicontrol\",\"description\":\"Mess- und Pr\u00fcfautomatisierung\",\"publisher\":{\"@id\":\"https:\\\/\\\/www.visicontrol.com\\\/#organization\"},\"potentialAction\":[{\"@type\":\"SearchAction\",\"target\":{\"@type\":\"EntryPoint\",\"urlTemplate\":\"https:\\\/\\\/www.visicontrol.com\\\/?s={search_term_string}\"},\"query-input\":{\"@type\":\"PropertyValueSpecification\",\"valueRequired\":true,\"valueName\":\"search_term_string\"}}],\"inLanguage\":\"en-GB\"},{\"@type\":\"Organization\",\"@id\":\"https:\\\/\\\/www.visicontrol.com\\\/#organization\",\"name\":\"visicontrol\",\"url\":\"https:\\\/\\\/www.visicontrol.com\\\/\",\"logo\":{\"@type\":\"ImageObject\",\"inLanguage\":\"en-GB\",\"@id\":\"https:\\\/\\\/www.visicontrol.com\\\/#\\\/schema\\\/logo\\\/image\\\/\",\"url\":\"https:\\\/\\\/www.visicontrol.com\\\/wp-content\\\/uploads\\\/vc_logo2_300dpi.png\",\"contentUrl\":\"https:\\\/\\\/www.visicontrol.com\\\/wp-content\\\/uploads\\\/vc_logo2_300dpi.png\",\"width\":1190,\"height\":333,\"caption\":\"visicontrol\"},\"image\":{\"@id\":\"https:\\\/\\\/www.visicontrol.com\\\/#\\\/schema\\\/logo\\\/image\\\/\"},\"sameAs\":[\"https:\\\/\\\/www.youtube.com\\\/@visicontrol\"]}]}<\/script>\n<!-- \/ Yoast SEO plugin. -->","yoast_head_json":{"title":"L\u00f6sungen f\u00fcr Industrien - visicontrol","robots":{"index":"index","follow":"follow","max-snippet":"max-snippet:-1","max-image-preview":"max-image-preview:large","max-video-preview":"max-video-preview:-1"},"canonical":"https:\/\/www.visicontrol.com\/en\/loesungen\/loesungen-fuer-industrien\/","og_locale":"en_GB","og_type":"article","og_title":"L\u00f6sungen f\u00fcr Industrien - visicontrol","og_description":"Qualit\u00e4tssicherung mit industrieller Bildverarbeitung Die L\u00f6sungen von visicontrol dienen in den unterschiedlichsten Branchen der Automatisierung und Qualit\u00e4tssicherung mit industrieller Bildverarbeitung. [&hellip;]","og_url":"https:\/\/www.visicontrol.com\/en\/loesungen\/loesungen-fuer-industrien\/","og_site_name":"visicontrol","article_modified_time":"2024-07-09T20:56:33+00:00","twitter_card":"summary_large_image","twitter_misc":{"Estimated reading time":"3 minutes"},"schema":{"@context":"https:\/\/schema.org","@graph":[{"@type":"WebPage","@id":"https:\/\/www.visicontrol.com\/loesungen\/loesungen-fuer-industrien\/","url":"https:\/\/www.visicontrol.com\/loesungen\/loesungen-fuer-industrien\/","name":"L\u00f6sungen f\u00fcr Industrien - visicontrol","isPartOf":{"@id":"https:\/\/www.visicontrol.com\/#website"},"datePublished":"2024-07-09T20:33:09+00:00","dateModified":"2024-07-09T20:56:33+00:00","breadcrumb":{"@id":"https:\/\/www.visicontrol.com\/loesungen\/loesungen-fuer-industrien\/#breadcrumb"},"inLanguage":"en-GB","potentialAction":[{"@type":"ReadAction","target":["https:\/\/www.visicontrol.com\/loesungen\/loesungen-fuer-industrien\/"]}]},{"@type":"BreadcrumbList","@id":"https:\/\/www.visicontrol.com\/loesungen\/loesungen-fuer-industrien\/#breadcrumb","itemListElement":[{"@type":"ListItem","position":1,"name":"Startseite","item":"https:\/\/www.visicontrol.com\/"},{"@type":"ListItem","position":2,"name":"L\u00f6sungen","item":"https:\/\/www.visicontrol.com\/loesungen\/"},{"@type":"ListItem","position":3,"name":"L\u00f6sungen f\u00fcr Industrien"}]},{"@type":"WebSite","@id":"https:\/\/www.visicontrol.com\/#website","url":"https:\/\/www.visicontrol.com\/","name":"visicontrol","description":"Mess- und Pr\u00fcfautomatisierung","publisher":{"@id":"https:\/\/www.visicontrol.com\/#organization"},"potentialAction":[{"@type":"SearchAction","target":{"@type":"EntryPoint","urlTemplate":"https:\/\/www.visicontrol.com\/?s={search_term_string}"},"query-input":{"@type":"PropertyValueSpecification","valueRequired":true,"valueName":"search_term_string"}}],"inLanguage":"en-GB"},{"@type":"Organization","@id":"https:\/\/www.visicontrol.com\/#organization","name":"visicontrol","url":"https:\/\/www.visicontrol.com\/","logo":{"@type":"ImageObject","inLanguage":"en-GB","@id":"https:\/\/www.visicontrol.com\/#\/schema\/logo\/image\/","url":"https:\/\/www.visicontrol.com\/wp-content\/uploads\/vc_logo2_300dpi.png","contentUrl":"https:\/\/www.visicontrol.com\/wp-content\/uploads\/vc_logo2_300dpi.png","width":1190,"height":333,"caption":"visicontrol"},"image":{"@id":"https:\/\/www.visicontrol.com\/#\/schema\/logo\/image\/"},"sameAs":["https:\/\/www.youtube.com\/@visicontrol"]}]}},"uagb_featured_image_src":{"full":false,"thumbnail":false,"medium":false,"medium_large":false,"large":false,"1536x1536":false,"2048x2048":false,"trp-custom-language-flag":false},"uagb_author_info":{"display_name":"ciwi","author_link":"https:\/\/www.visicontrol.com\/en\/author\/widenhorn\/"},"uagb_comment_info":0,"uagb_excerpt":"Qualit\u00e4tssicherung mit industrieller Bildverarbeitung Die L\u00f6sungen von visicontrol dienen in den unterschiedlichsten Branchen der Automatisierung und Qualit\u00e4tssicherung mit industrieller Bildverarbeitung. [&hellip;]","_links":{"self":[{"href":"https:\/\/www.visicontrol.com\/en\/wp-json\/wp\/v2\/pages\/820","targetHints":{"allow":["GET"]}}],"collection":[{"href":"https:\/\/www.visicontrol.com\/en\/wp-json\/wp\/v2\/pages"}],"about":[{"href":"https:\/\/www.visicontrol.com\/en\/wp-json\/wp\/v2\/types\/page"}],"author":[{"embeddable":true,"href":"https:\/\/www.visicontrol.com\/en\/wp-json\/wp\/v2\/users\/2"}],"replies":[{"embeddable":true,"href":"https:\/\/www.visicontrol.com\/en\/wp-json\/wp\/v2\/comments?post=820"}],"version-history":[{"count":7,"href":"https:\/\/www.visicontrol.com\/en\/wp-json\/wp\/v2\/pages\/820\/revisions"}],"predecessor-version":[{"id":828,"href":"https:\/\/www.visicontrol.com\/en\/wp-json\/wp\/v2\/pages\/820\/revisions\/828"}],"up":[{"embeddable":true,"href":"https:\/\/www.visicontrol.com\/en\/wp-json\/wp\/v2\/pages\/379"}],"wp:attachment":[{"href":"https:\/\/www.visicontrol.com\/en\/wp-json\/wp\/v2\/media?parent=820"}],"curies":[{"name":"wp","href":"https:\/\/api.w.org\/{rel}","templated":true}]}}