{"id":810,"date":"2024-07-09T22:04:45","date_gmt":"2024-07-09T20:04:45","guid":{"rendered":"https:\/\/www.visicontrol.com\/?page_id=810"},"modified":"2024-08-23T16:07:04","modified_gmt":"2024-08-23T14:07:04","slug":"loesungen-nach-pruefmerkmalen","status":"publish","type":"page","link":"https:\/\/www.visicontrol.com\/en\/loesungen\/loesungen-nach-pruefmerkmalen\/","title":{"rendered":"Solutions according to inspection characteristics"},"content":{"rendered":"<h2 class=\"wp-block-heading\">Dimensional and surface inspections<\/h2>\n\n\n\n<p>Over the years, visicontrol has developed into a specialist for dimensional and surface inspections. Surface inspection is regarded as the supreme discipline of industrial image processing.<\/p>\n\n\n\n<p>visicontrol offers <a href=\"https:\/\/www.visicontrol.com\/en\/sortieranlagen\/\" data-type=\"page\" data-id=\"432\">inspection and sorting machines<\/a> and in-line testing systems from a single source. Our aim is to install a turnkey autonomous testing system at our customers' premises. We have been doing this so successfully for 30 years that 80% of our customers have realised two or more systems with us.<\/p>\n\n\n\n<p>visicontrol's core product is the highly acclaimed and innovative inspection software <a href=\"https:\/\/www.visicontrol.com\/en\/produkte\/visiteach\/\" data-type=\"page\" data-id=\"653\">visiTeach+<\/a>.<\/p>\n\n\n\n<h3 class=\"wp-block-heading\">Already realised or planned inspection solutions:<\/h3>\n\n\n\n<p><\/p>\n\n\n\n<div class=\"wp-block-uagb-container uagb-block-66c80ef2 alignfull uagb-is-root-container\"><div class=\"uagb-container-inner-blocks-wrap\">\n<div class=\"wp-block-uagb-container uagb-block-a82ab0ca\">\n<p><strong><a href=\"https:\/\/www.visicontrol.com\/en\/service\/videos\/#video_mantelflaechenpruefung\" data-type=\"page\" data-id=\"644\">Shell surface inspection<\/a> (360\u00b0 inspection)<\/strong><br>Our sequencer module is used as soon as surface defects on rotationally symmetrical components need to be reliably detected. Using multiple image sequences from matrix cameras combined with a rotation station, up to 180 images per second are taken and analysed. The unwound surface can thus be analysed by visiTeach+ and the defects clearly identified.<\/p>\n<\/div>\n\n\n\n<div class=\"wp-block-uagb-container uagb-block-9fc6def0\">\n<p><strong>Blowhole inspection<\/strong><br>For the detection of blowholes, e.g. in die-cast aluminium components, especially on mechanically machined sealing surfaces. The size, accumulation and number of blowholes can be reliably recognised and documented.<\/p>\n<\/div>\n\n\n\n<div class=\"wp-block-uagb-container uagb-block-e473a69a\">\n<p><strong>CFRP tape control<\/strong> (CFRP starting material)<br>The tape inspection is used for the base material carbon fibre reinforced plastic. It is used to detect:<br>Manufacturing defects, material defects, resin pockets, fibre tufts, lack of resin, joints, inhomogeneity.<\/p>\n<\/div>\n\n\n\n<div class=\"wp-block-uagb-container uagb-block-b57d052d\">\n<p><strong>Fabric inspection<\/strong><br>Fabric inspection is used in the fibre composite industry and for technical fabrics. It is used to recognise<br>Torn threads, inhomogeneity, damage, fibre angle distortion, resin nests, fibre tufts, lack of resin, joints.<\/p>\n<\/div>\n\n\n\n<div class=\"wp-block-uagb-container uagb-block-23a2bfd9\">\n<p><strong>Surface inspection<\/strong><br>The <a href=\"https:\/\/www.visicontrol.com\/en\/service\/videos\/#video_mantelflaechenpruefung\" data-type=\"page\" data-id=\"644\">Surface inspection<\/a> is used for injection-moulded and metallic test specimens such as turned parts. We use our latest technology for the detection of: Chatter marks, scratches and <a href=\"https:\/\/www.visicontrol.com\/en\/service\/videos\/#video_oberflaeche-sfs\" data-type=\"page\" data-id=\"644\">Inhomogeneity of the surfaces<\/a> and edge sealing, <a href=\"https:\/\/www.visicontrol.com\/en\/service\/videos\/#video_oberflaeche-auflicht\" data-type=\"page\" data-id=\"644\">paint and primer application<\/a> or contamination.<\/p>\n<\/div>\n\n\n\n<div class=\"wp-block-uagb-container uagb-block-9678d120\">\n<p><strong>Crack and shrinkage inspection<\/strong><br>This is used to detect defects in safety-relevant metallic components, for example.<\/p>\n<\/div>\n\n\n\n<div class=\"wp-block-uagb-container uagb-block-29084f92\">\n<p><strong>Presence check<\/strong><br>One area of application for the presence check is, for example, the inspection of circuit board assembly in the electrical industry.<\/p>\n<\/div>\n\n\n\n<div class=\"wp-block-uagb-container uagb-block-87e978ad\">\n<p><strong>Orientation check<\/strong><br>In the printing industry, for example, the orientation of the printed image can be checked by means of an orientation check.<\/p>\n<\/div>\n\n\n\n<div class=\"wp-block-uagb-container uagb-block-529c938a\">\n<p><strong>Component identification<\/strong><br>This serves to clearly identify installed elements in order to avoid complaints<\/p>\n<\/div>\n\n\n\n<div class=\"wp-block-uagb-container uagb-block-58bd20d2\">\n<p><strong>Soldering control<\/strong><br>A solder inspection is used for automated quality assurance of soldered elements in the electrical industry.<\/p>\n<\/div>\n\n\n\n<div class=\"wp-block-uagb-container uagb-block-19d73004\">\n<p><strong>Plug control<\/strong><br>More and more cables and electronic components are being installed in modern vehicles, which means that the number of plug connections is also increasing. Connector inspection is used to check for under- and over-moulding, to check the pin tip position and to ensure that metal inserts such as solder pads are free of defects.<\/p>\n<\/div>\n\n\n\n<div class=\"wp-block-uagb-container uagb-block-8886b116\">\n<p><strong>Pin inspection<\/strong><br>The pin check is a special test for plug connections to ensure that the pins and mating parts fit perfectly.<\/p>\n<\/div>\n\n\n\n<div class=\"wp-block-uagb-container uagb-block-7fdf2934\">\n<p><strong>Thread inspection<\/strong><br>Today's demands on the supply industry are moving towards 0-ppm faulty components. To be able to guarantee this, the <a href=\"https:\/\/www.visicontrol.com\/en\/service\/videos\/#video_gewindepruefung\" data-type=\"page\" data-id=\"644\">Thread inspection<\/a> not only for testing safety-relevant screw connections, it can also differentiate between thread type and quality. This ensures that only 100% tested threads leave your factory.<\/p>\n<\/div>\n\n\n\n<div class=\"wp-block-uagb-container uagb-block-10129779\">\n<p><strong>PCB inspection<\/strong><br>During PCB inspection, PCBs can be monitored as components in the production process and faulty components can be ejected at an early stage. The PCB is checked for completeness, assembly and alignment.<\/p>\n<\/div>\n\n\n\n<div class=\"wp-block-uagb-container uagb-block-8de41151\">\n<p><strong>Print image control<\/strong><br>There are many regulations regarding the information that must be applied to a component, e.g. by printing. During the print image check, it is checked whether the print image is correct and legibility is guaranteed.<\/p>\n<\/div>\n\n\n\n<div class=\"wp-block-uagb-container uagb-block-e344614c\">\n<p><strong>Bin Picking<\/strong><\/p>\n<\/div>\n\n\n\n<div class=\"wp-block-uagb-container uagb-block-4444d4af\">\n<p><strong>Dimensional inspection <\/strong><br>for high-precision inspection of the component geometry<\/p>\n<\/div>\n\n\n\n<div class=\"wp-block-uagb-container uagb-block-55f84b47\">\n<p><strong>Fibre angle control <\/strong><br>also for technical fabrics and scrims: detection and measurement of fibre angles and distortions<\/p>\n<\/div>\n\n\n\n<div class=\"wp-block-uagb-container uagb-block-f6f6d45e\">\n<p><strong>Component inspection <\/strong><br>for the manufacturing industry from turned parts to sintered high-performance magnets<\/p>\n<\/div>\n\n\n\n<div class=\"wp-block-uagb-container uagb-block-7379cb83\">\n<p><strong>Roundness control <\/strong><br>for fits and other high demands on roundness<\/p>\n<\/div>\n\n\n\n<div class=\"wp-block-uagb-container uagb-block-0c21fca2\">\n<p><strong>Height control <\/strong><br>for precise measurement of component geometries with maximum throughput<\/p>\n<\/div>\n\n\n\n<div class=\"wp-block-uagb-container uagb-block-1c89a4f2\">\n<p><strong>Concentricity<\/strong><\/p>\n<\/div>\n\n\n\n<div class=\"wp-block-uagb-container uagb-block-e88547bf\">\n<p><strong>Optical comma chip check<\/strong><\/p>\n<\/div>\n\n\n\n<div class=\"wp-block-uagb-container uagb-block-e0e6a1c8\">\n<p><strong>Optical ring chip control<\/strong><\/p>\n<\/div>\n\n\n\n<div class=\"wp-block-uagb-container uagb-block-97838726\">\n<p><strong>Optical assembly control of assemblies<\/strong><\/p>\n<\/div>\n\n\n\n<div class=\"wp-block-uagb-container uagb-block-e0bc0c10\">\n<p>... and many more!<\/p>\n<\/div>\n<\/div><\/div>","protected":false},"excerpt":{"rendered":"<p>Ma\u00df- und Oberfl\u00e4chenpr\u00fcfungen visicontrol hat sich \u00fcber die Jahre zum Spezialist f\u00fcr Ma\u00df- und Oberfl\u00e4chenpr\u00fcfungen entwickelt. Die Oberfl\u00e4chenpr\u00fcfung gilt als [&hellip;]<\/p>\n","protected":false},"author":2,"featured_media":0,"parent":379,"menu_order":0,"comment_status":"closed","ping_status":"closed","template":"","meta":{"_uag_custom_page_level_css":"","site-sidebar-layout":"default","site-content-layout":"","ast-site-content-layout":"default","site-content-style":"default","site-sidebar-style":"default","ast-global-header-display":"","ast-banner-title-visibility":"","ast-main-header-display":"","ast-hfb-above-header-display":"","ast-hfb-below-header-display":"","ast-hfb-mobile-header-display":"","site-post-title":"","ast-breadcrumbs-content":"","ast-featured-img":"","footer-sml-layout":"","ast-disable-related-posts":"","theme-transparent-header-meta":"","adv-header-id-meta":"","stick-header-meta":"","header-above-stick-meta":"","header-main-stick-meta":"","header-below-stick-meta":"","astra-migrate-meta-layouts":"default","ast-page-background-enabled":"default","ast-page-background-meta":{"desktop":{"background-color":"var(--ast-global-color-4)","background-image":"","background-repeat":"repeat","background-position":"center center","background-size":"auto","background-attachment":"scroll","background-type":"","background-media":"","overlay-type":"","overlay-color":"","overlay-opacity":"","overlay-gradient":""},"tablet":{"background-color":"","background-image":"","background-repeat":"repeat","background-position":"center center","background-size":"auto","background-attachment":"scroll","background-type":"","background-media":"","overlay-type":"","overlay-color":"","overlay-opacity":"","overlay-gradient":""},"mobile":{"background-color":"","background-image":"","background-repeat":"repeat","background-position":"center center","background-size":"auto","background-attachment":"scroll","background-type":"","background-media":"","overlay-type":"","overlay-color":"","overlay-opacity":"","overlay-gradient":""}},"ast-content-background-meta":{"desktop":{"background-color":"var(--ast-global-color-5)","background-image":"","background-repeat":"repeat","background-position":"center center","background-size":"auto","background-attachment":"scroll","background-type":"","background-media":"","overlay-type":"","overlay-color":"","overlay-opacity":"","overlay-gradient":""},"tablet":{"background-color":"var(--ast-global-color-5)","background-image":"","background-repeat":"repeat","background-position":"center center","background-size":"auto","background-attachment":"scroll","background-type":"","background-media":"","overlay-type":"","overlay-color":"","overlay-opacity":"","overlay-gradient":""},"mobile":{"background-color":"var(--ast-global-color-5)","background-image":"","background-repeat":"repeat","background-position":"center center","background-size":"auto","background-attachment":"scroll","background-type":"","background-media":"","overlay-type":"","overlay-color":"","overlay-opacity":"","overlay-gradient":""}},"footnotes":""},"class_list":["post-810","page","type-page","status-publish","hentry"],"yoast_head":"<!-- This site is optimized with the Yoast SEO plugin v27.4 - https:\/\/yoast.com\/product\/yoast-seo-wordpress\/ -->\n<title>L\u00f6sungen nach Pr\u00fcfmerkmalen - visicontrol<\/title>\n<meta name=\"robots\" content=\"index, follow, max-snippet:-1, max-image-preview:large, max-video-preview:-1\" \/>\n<link rel=\"canonical\" href=\"https:\/\/www.visicontrol.com\/en\/loesungen\/loesungen-nach-pruefmerkmalen\/\" \/>\n<meta property=\"og:locale\" content=\"en_GB\" \/>\n<meta property=\"og:type\" content=\"article\" \/>\n<meta property=\"og:title\" content=\"L\u00f6sungen nach Pr\u00fcfmerkmalen - visicontrol\" \/>\n<meta property=\"og:description\" content=\"Ma\u00df- und Oberfl\u00e4chenpr\u00fcfungen visicontrol hat sich \u00fcber die Jahre zum Spezialist f\u00fcr Ma\u00df- und Oberfl\u00e4chenpr\u00fcfungen entwickelt. Die Oberfl\u00e4chenpr\u00fcfung gilt als [&hellip;]\" \/>\n<meta property=\"og:url\" content=\"https:\/\/www.visicontrol.com\/en\/loesungen\/loesungen-nach-pruefmerkmalen\/\" \/>\n<meta property=\"og:site_name\" content=\"visicontrol\" \/>\n<meta property=\"article:modified_time\" content=\"2024-08-23T14:07:04+00:00\" \/>\n<meta name=\"twitter:card\" content=\"summary_large_image\" \/>\n<meta name=\"twitter:label1\" content=\"Estimated reading time\" \/>\n\t<meta name=\"twitter:data1\" content=\"3 minutes\" \/>\n<script type=\"application\/ld+json\" class=\"yoast-schema-graph\">{\"@context\":\"https:\\\/\\\/schema.org\",\"@graph\":[{\"@type\":\"WebPage\",\"@id\":\"https:\\\/\\\/www.visicontrol.com\\\/loesungen\\\/loesungen-nach-pruefmerkmalen\\\/\",\"url\":\"https:\\\/\\\/www.visicontrol.com\\\/loesungen\\\/loesungen-nach-pruefmerkmalen\\\/\",\"name\":\"L\u00f6sungen nach Pr\u00fcfmerkmalen - visicontrol\",\"isPartOf\":{\"@id\":\"https:\\\/\\\/www.visicontrol.com\\\/#website\"},\"datePublished\":\"2024-07-09T20:04:45+00:00\",\"dateModified\":\"2024-08-23T14:07:04+00:00\",\"breadcrumb\":{\"@id\":\"https:\\\/\\\/www.visicontrol.com\\\/loesungen\\\/loesungen-nach-pruefmerkmalen\\\/#breadcrumb\"},\"inLanguage\":\"en-GB\",\"potentialAction\":[{\"@type\":\"ReadAction\",\"target\":[\"https:\\\/\\\/www.visicontrol.com\\\/loesungen\\\/loesungen-nach-pruefmerkmalen\\\/\"]}]},{\"@type\":\"BreadcrumbList\",\"@id\":\"https:\\\/\\\/www.visicontrol.com\\\/loesungen\\\/loesungen-nach-pruefmerkmalen\\\/#breadcrumb\",\"itemListElement\":[{\"@type\":\"ListItem\",\"position\":1,\"name\":\"Startseite\",\"item\":\"https:\\\/\\\/www.visicontrol.com\\\/\"},{\"@type\":\"ListItem\",\"position\":2,\"name\":\"L\u00f6sungen\",\"item\":\"https:\\\/\\\/www.visicontrol.com\\\/loesungen\\\/\"},{\"@type\":\"ListItem\",\"position\":3,\"name\":\"L\u00f6sungen nach Pr\u00fcfmerkmalen\"}]},{\"@type\":\"WebSite\",\"@id\":\"https:\\\/\\\/www.visicontrol.com\\\/#website\",\"url\":\"https:\\\/\\\/www.visicontrol.com\\\/\",\"name\":\"visicontrol\",\"description\":\"Mess- und Pr\u00fcfautomatisierung\",\"publisher\":{\"@id\":\"https:\\\/\\\/www.visicontrol.com\\\/#organization\"},\"potentialAction\":[{\"@type\":\"SearchAction\",\"target\":{\"@type\":\"EntryPoint\",\"urlTemplate\":\"https:\\\/\\\/www.visicontrol.com\\\/?s={search_term_string}\"},\"query-input\":{\"@type\":\"PropertyValueSpecification\",\"valueRequired\":true,\"valueName\":\"search_term_string\"}}],\"inLanguage\":\"en-GB\"},{\"@type\":\"Organization\",\"@id\":\"https:\\\/\\\/www.visicontrol.com\\\/#organization\",\"name\":\"visicontrol\",\"url\":\"https:\\\/\\\/www.visicontrol.com\\\/\",\"logo\":{\"@type\":\"ImageObject\",\"inLanguage\":\"en-GB\",\"@id\":\"https:\\\/\\\/www.visicontrol.com\\\/#\\\/schema\\\/logo\\\/image\\\/\",\"url\":\"https:\\\/\\\/www.visicontrol.com\\\/wp-content\\\/uploads\\\/vc_logo2_300dpi.png\",\"contentUrl\":\"https:\\\/\\\/www.visicontrol.com\\\/wp-content\\\/uploads\\\/vc_logo2_300dpi.png\",\"width\":1190,\"height\":333,\"caption\":\"visicontrol\"},\"image\":{\"@id\":\"https:\\\/\\\/www.visicontrol.com\\\/#\\\/schema\\\/logo\\\/image\\\/\"},\"sameAs\":[\"https:\\\/\\\/www.youtube.com\\\/@visicontrol\"]}]}<\/script>\n<!-- \/ Yoast SEO plugin. -->","yoast_head_json":{"title":"L\u00f6sungen nach Pr\u00fcfmerkmalen - visicontrol","robots":{"index":"index","follow":"follow","max-snippet":"max-snippet:-1","max-image-preview":"max-image-preview:large","max-video-preview":"max-video-preview:-1"},"canonical":"https:\/\/www.visicontrol.com\/en\/loesungen\/loesungen-nach-pruefmerkmalen\/","og_locale":"en_GB","og_type":"article","og_title":"L\u00f6sungen nach Pr\u00fcfmerkmalen - visicontrol","og_description":"Ma\u00df- und Oberfl\u00e4chenpr\u00fcfungen visicontrol hat sich \u00fcber die Jahre zum Spezialist f\u00fcr Ma\u00df- und Oberfl\u00e4chenpr\u00fcfungen entwickelt. Die Oberfl\u00e4chenpr\u00fcfung gilt als [&hellip;]","og_url":"https:\/\/www.visicontrol.com\/en\/loesungen\/loesungen-nach-pruefmerkmalen\/","og_site_name":"visicontrol","article_modified_time":"2024-08-23T14:07:04+00:00","twitter_card":"summary_large_image","twitter_misc":{"Estimated reading time":"3 minutes"},"schema":{"@context":"https:\/\/schema.org","@graph":[{"@type":"WebPage","@id":"https:\/\/www.visicontrol.com\/loesungen\/loesungen-nach-pruefmerkmalen\/","url":"https:\/\/www.visicontrol.com\/loesungen\/loesungen-nach-pruefmerkmalen\/","name":"L\u00f6sungen nach Pr\u00fcfmerkmalen - visicontrol","isPartOf":{"@id":"https:\/\/www.visicontrol.com\/#website"},"datePublished":"2024-07-09T20:04:45+00:00","dateModified":"2024-08-23T14:07:04+00:00","breadcrumb":{"@id":"https:\/\/www.visicontrol.com\/loesungen\/loesungen-nach-pruefmerkmalen\/#breadcrumb"},"inLanguage":"en-GB","potentialAction":[{"@type":"ReadAction","target":["https:\/\/www.visicontrol.com\/loesungen\/loesungen-nach-pruefmerkmalen\/"]}]},{"@type":"BreadcrumbList","@id":"https:\/\/www.visicontrol.com\/loesungen\/loesungen-nach-pruefmerkmalen\/#breadcrumb","itemListElement":[{"@type":"ListItem","position":1,"name":"Startseite","item":"https:\/\/www.visicontrol.com\/"},{"@type":"ListItem","position":2,"name":"L\u00f6sungen","item":"https:\/\/www.visicontrol.com\/loesungen\/"},{"@type":"ListItem","position":3,"name":"L\u00f6sungen nach Pr\u00fcfmerkmalen"}]},{"@type":"WebSite","@id":"https:\/\/www.visicontrol.com\/#website","url":"https:\/\/www.visicontrol.com\/","name":"visicontrol","description":"Mess- und Pr\u00fcfautomatisierung","publisher":{"@id":"https:\/\/www.visicontrol.com\/#organization"},"potentialAction":[{"@type":"SearchAction","target":{"@type":"EntryPoint","urlTemplate":"https:\/\/www.visicontrol.com\/?s={search_term_string}"},"query-input":{"@type":"PropertyValueSpecification","valueRequired":true,"valueName":"search_term_string"}}],"inLanguage":"en-GB"},{"@type":"Organization","@id":"https:\/\/www.visicontrol.com\/#organization","name":"visicontrol","url":"https:\/\/www.visicontrol.com\/","logo":{"@type":"ImageObject","inLanguage":"en-GB","@id":"https:\/\/www.visicontrol.com\/#\/schema\/logo\/image\/","url":"https:\/\/www.visicontrol.com\/wp-content\/uploads\/vc_logo2_300dpi.png","contentUrl":"https:\/\/www.visicontrol.com\/wp-content\/uploads\/vc_logo2_300dpi.png","width":1190,"height":333,"caption":"visicontrol"},"image":{"@id":"https:\/\/www.visicontrol.com\/#\/schema\/logo\/image\/"},"sameAs":["https:\/\/www.youtube.com\/@visicontrol"]}]}},"uagb_featured_image_src":{"full":false,"thumbnail":false,"medium":false,"medium_large":false,"large":false,"1536x1536":false,"2048x2048":false,"trp-custom-language-flag":false},"uagb_author_info":{"display_name":"ciwi","author_link":"https:\/\/www.visicontrol.com\/en\/author\/widenhorn\/"},"uagb_comment_info":0,"uagb_excerpt":"Ma\u00df- und Oberfl\u00e4chenpr\u00fcfungen visicontrol hat sich \u00fcber die Jahre zum Spezialist f\u00fcr Ma\u00df- und Oberfl\u00e4chenpr\u00fcfungen entwickelt. Die Oberfl\u00e4chenpr\u00fcfung gilt als [&hellip;]","_links":{"self":[{"href":"https:\/\/www.visicontrol.com\/en\/wp-json\/wp\/v2\/pages\/810","targetHints":{"allow":["GET"]}}],"collection":[{"href":"https:\/\/www.visicontrol.com\/en\/wp-json\/wp\/v2\/pages"}],"about":[{"href":"https:\/\/www.visicontrol.com\/en\/wp-json\/wp\/v2\/types\/page"}],"author":[{"embeddable":true,"href":"https:\/\/www.visicontrol.com\/en\/wp-json\/wp\/v2\/users\/2"}],"replies":[{"embeddable":true,"href":"https:\/\/www.visicontrol.com\/en\/wp-json\/wp\/v2\/comments?post=810"}],"version-history":[{"count":10,"href":"https:\/\/www.visicontrol.com\/en\/wp-json\/wp\/v2\/pages\/810\/revisions"}],"predecessor-version":[{"id":1118,"href":"https:\/\/www.visicontrol.com\/en\/wp-json\/wp\/v2\/pages\/810\/revisions\/1118"}],"up":[{"embeddable":true,"href":"https:\/\/www.visicontrol.com\/en\/wp-json\/wp\/v2\/pages\/379"}],"wp:attachment":[{"href":"https:\/\/www.visicontrol.com\/en\/wp-json\/wp\/v2\/media?parent=810"}],"curies":[{"name":"wp","href":"https:\/\/api.w.org\/{rel}","templated":true}]}}