{"id":682,"date":"2024-07-07T11:11:06","date_gmt":"2024-07-07T09:11:06","guid":{"rendered":"https:\/\/www.visicontrol.com\/?page_id=682"},"modified":"2024-07-07T11:11:40","modified_gmt":"2024-07-07T09:11:40","slug":"ersatzteile-reparatur","status":"publish","type":"page","link":"https:\/\/www.visicontrol.com\/en\/service\/ersatzteile-reparatur\/","title":{"rendered":"Spare parts and repair"},"content":{"rendered":"<h2 class=\"wp-block-heading\">Your productivity is our mission<\/h2>\n\n\n\n<p>Due to our long history in the field of testing and sorting automation, there are still many devices in continuous use that have been overtaken by today's state of the art technology. As a manufacturer of the components, visicontrol offers replacement and repairs for a large number of the historical and also discontinued devices.<\/p>\n\n\n\n<p>So that your productivity does not suffer, you get loaner devices from us to bridge the repair time.<\/p>\n\n\n\n<p>Here is a voice of our customers:<\/p>\n\n\n\n<blockquote class=\"wp-block-quote is-layout-flow wp-block-quote-is-layout-flow\">\n<p>\"After more than 20 years of virtually non-stop operation, our image processing system failed. As it turned out, only a small part of the circuit board was defective. The repair was seamlessly bridged with a replacement device, and after a few days we had the repaired device back in operation. A very strong performance from visicontrol!\"<\/p>\n<\/blockquote>\n\n\n\n<p><a href=\"https:\/\/www.visicontrol.com\/en\/kontakt\/\" data-type=\"page\" data-id=\"518\"><strong>Contact us at \u00bb\u00bb<\/strong><\/a><\/p>\n\n\n\n<div style=\"height:100px\" aria-hidden=\"true\" class=\"wp-block-spacer\"><\/div>","protected":false},"excerpt":{"rendered":"<p>Ihre Produktivit\u00e4t ist unser Auftrag Aufgrund unserer langj\u00e4hrigen Geschichte im Bereich der Pr\u00fcf- und Sortierautomatisierung, sind noch viele Ger\u00e4te im [&hellip;]<\/p>\n","protected":false},"author":2,"featured_media":0,"parent":514,"menu_order":0,"comment_status":"closed","ping_status":"closed","template":"","meta":{"_uag_custom_page_level_css":"","site-sidebar-layout":"default","site-content-layout":"","ast-site-content-layout":"default","site-content-style":"default","site-sidebar-style":"default","ast-global-header-display":"","ast-banner-title-visibility":"","ast-main-header-display":"","ast-hfb-above-header-display":"","ast-hfb-below-header-display":"","ast-hfb-mobile-header-display":"","site-post-title":"","ast-breadcrumbs-content":"","ast-featured-img":"","footer-sml-layout":"","ast-disable-related-posts":"","theme-transparent-header-meta":"","adv-header-id-meta":"","stick-header-meta":"","header-above-stick-meta":"","header-main-stick-meta":"","header-below-stick-meta":"","astra-migrate-meta-layouts":"default","ast-page-background-enabled":"default","ast-page-background-meta":{"desktop":{"background-color":"var(--ast-global-color-4)","background-image":"","background-repeat":"repeat","background-position":"center center","background-size":"auto","background-attachment":"scroll","background-type":"","background-media":"","overlay-type":"","overlay-color":"","overlay-opacity":"","overlay-gradient":""},"tablet":{"background-color":"","background-image":"","background-repeat":"repeat","background-position":"center center","background-size":"auto","background-attachment":"scroll","background-type":"","background-media":"","overlay-type":"","overlay-color":"","overlay-opacity":"","overlay-gradient":""},"mobile":{"background-color":"","background-image":"","background-repeat":"repeat","background-position":"center center","background-size":"auto","background-attachment":"scroll","background-type":"","background-media":"","overlay-type":"","overlay-color":"","overlay-opacity":"","overlay-gradient":""}},"ast-content-background-meta":{"desktop":{"background-color":"var(--ast-global-color-5)","background-image":"","background-repeat":"repeat","background-position":"center center","background-size":"auto","background-attachment":"scroll","background-type":"","background-media":"","overlay-type":"","overlay-color":"","overlay-opacity":"","overlay-gradient":""},"tablet":{"background-color":"var(--ast-global-color-5)","background-image":"","background-repeat":"repeat","background-position":"center center","background-size":"auto","background-attachment":"scroll","background-type":"","background-media":"","overlay-type":"","overlay-color":"","overlay-opacity":"","overlay-gradient":""},"mobile":{"background-color":"var(--ast-global-color-5)","background-image":"","background-repeat":"repeat","background-position":"center center","background-size":"auto","background-attachment":"scroll","background-type":"","background-media":"","overlay-type":"","overlay-color":"","overlay-opacity":"","overlay-gradient":""}},"footnotes":""},"class_list":["post-682","page","type-page","status-publish","hentry"],"yoast_head":"<!-- This site is optimized with the Yoast SEO plugin v27.5 - https:\/\/yoast.com\/product\/yoast-seo-wordpress\/ -->\n<title>Ersatzteile\/Reparatur - visicontrol<\/title>\n<meta name=\"robots\" content=\"index, follow, max-snippet:-1, max-image-preview:large, max-video-preview:-1\" \/>\n<link rel=\"canonical\" href=\"https:\/\/www.visicontrol.com\/en\/service\/ersatzteile-reparatur\/\" \/>\n<meta property=\"og:locale\" content=\"en_GB\" \/>\n<meta property=\"og:type\" content=\"article\" \/>\n<meta property=\"og:title\" content=\"Ersatzteile\/Reparatur - visicontrol\" \/>\n<meta property=\"og:description\" content=\"Ihre Produktivit\u00e4t ist unser Auftrag Aufgrund unserer langj\u00e4hrigen Geschichte im Bereich der Pr\u00fcf- und Sortierautomatisierung, sind noch viele Ger\u00e4te im [&hellip;]\" \/>\n<meta property=\"og:url\" content=\"https:\/\/www.visicontrol.com\/en\/service\/ersatzteile-reparatur\/\" \/>\n<meta property=\"og:site_name\" content=\"visicontrol\" \/>\n<meta property=\"article:modified_time\" content=\"2024-07-07T09:11:40+00:00\" \/>\n<meta name=\"twitter:card\" content=\"summary_large_image\" \/>\n<meta name=\"twitter:label1\" content=\"Estimated reading time\" \/>\n\t<meta name=\"twitter:data1\" content=\"1 minute\" \/>\n<script type=\"application\/ld+json\" class=\"yoast-schema-graph\">{\"@context\":\"https:\\\/\\\/schema.org\",\"@graph\":[{\"@type\":\"WebPage\",\"@id\":\"https:\\\/\\\/www.visicontrol.com\\\/service\\\/ersatzteile-reparatur\\\/\",\"url\":\"https:\\\/\\\/www.visicontrol.com\\\/service\\\/ersatzteile-reparatur\\\/\",\"name\":\"Ersatzteile\\\/Reparatur - visicontrol\",\"isPartOf\":{\"@id\":\"https:\\\/\\\/www.visicontrol.com\\\/#website\"},\"datePublished\":\"2024-07-07T09:11:06+00:00\",\"dateModified\":\"2024-07-07T09:11:40+00:00\",\"breadcrumb\":{\"@id\":\"https:\\\/\\\/www.visicontrol.com\\\/service\\\/ersatzteile-reparatur\\\/#breadcrumb\"},\"inLanguage\":\"en-GB\",\"potentialAction\":[{\"@type\":\"ReadAction\",\"target\":[\"https:\\\/\\\/www.visicontrol.com\\\/service\\\/ersatzteile-reparatur\\\/\"]}]},{\"@type\":\"BreadcrumbList\",\"@id\":\"https:\\\/\\\/www.visicontrol.com\\\/service\\\/ersatzteile-reparatur\\\/#breadcrumb\",\"itemListElement\":[{\"@type\":\"ListItem\",\"position\":1,\"name\":\"Startseite\",\"item\":\"https:\\\/\\\/www.visicontrol.com\\\/\"},{\"@type\":\"ListItem\",\"position\":2,\"name\":\"Service\",\"item\":\"https:\\\/\\\/www.visicontrol.com\\\/service\\\/\"},{\"@type\":\"ListItem\",\"position\":3,\"name\":\"Ersatzteile\\\/Reparatur\"}]},{\"@type\":\"WebSite\",\"@id\":\"https:\\\/\\\/www.visicontrol.com\\\/#website\",\"url\":\"https:\\\/\\\/www.visicontrol.com\\\/\",\"name\":\"visicontrol\",\"description\":\"Mess- und Pr\u00fcfautomatisierung\",\"publisher\":{\"@id\":\"https:\\\/\\\/www.visicontrol.com\\\/#organization\"},\"potentialAction\":[{\"@type\":\"SearchAction\",\"target\":{\"@type\":\"EntryPoint\",\"urlTemplate\":\"https:\\\/\\\/www.visicontrol.com\\\/?s={search_term_string}\"},\"query-input\":{\"@type\":\"PropertyValueSpecification\",\"valueRequired\":true,\"valueName\":\"search_term_string\"}}],\"inLanguage\":\"en-GB\"},{\"@type\":\"Organization\",\"@id\":\"https:\\\/\\\/www.visicontrol.com\\\/#organization\",\"name\":\"visicontrol\",\"url\":\"https:\\\/\\\/www.visicontrol.com\\\/\",\"logo\":{\"@type\":\"ImageObject\",\"inLanguage\":\"en-GB\",\"@id\":\"https:\\\/\\\/www.visicontrol.com\\\/#\\\/schema\\\/logo\\\/image\\\/\",\"url\":\"https:\\\/\\\/www.visicontrol.com\\\/wp-content\\\/uploads\\\/vc_logo2_300dpi.png\",\"contentUrl\":\"https:\\\/\\\/www.visicontrol.com\\\/wp-content\\\/uploads\\\/vc_logo2_300dpi.png\",\"width\":1190,\"height\":333,\"caption\":\"visicontrol\"},\"image\":{\"@id\":\"https:\\\/\\\/www.visicontrol.com\\\/#\\\/schema\\\/logo\\\/image\\\/\"},\"sameAs\":[\"https:\\\/\\\/www.youtube.com\\\/@visicontrol\"]}]}<\/script>\n<!-- \/ Yoast SEO plugin. -->","yoast_head_json":{"title":"Ersatzteile\/Reparatur - visicontrol","robots":{"index":"index","follow":"follow","max-snippet":"max-snippet:-1","max-image-preview":"max-image-preview:large","max-video-preview":"max-video-preview:-1"},"canonical":"https:\/\/www.visicontrol.com\/en\/service\/ersatzteile-reparatur\/","og_locale":"en_GB","og_type":"article","og_title":"Ersatzteile\/Reparatur - visicontrol","og_description":"Ihre Produktivit\u00e4t ist unser Auftrag Aufgrund unserer langj\u00e4hrigen Geschichte im Bereich der Pr\u00fcf- und Sortierautomatisierung, sind noch viele Ger\u00e4te im [&hellip;]","og_url":"https:\/\/www.visicontrol.com\/en\/service\/ersatzteile-reparatur\/","og_site_name":"visicontrol","article_modified_time":"2024-07-07T09:11:40+00:00","twitter_card":"summary_large_image","twitter_misc":{"Estimated reading time":"1 minute"},"schema":{"@context":"https:\/\/schema.org","@graph":[{"@type":"WebPage","@id":"https:\/\/www.visicontrol.com\/service\/ersatzteile-reparatur\/","url":"https:\/\/www.visicontrol.com\/service\/ersatzteile-reparatur\/","name":"Ersatzteile\/Reparatur - visicontrol","isPartOf":{"@id":"https:\/\/www.visicontrol.com\/#website"},"datePublished":"2024-07-07T09:11:06+00:00","dateModified":"2024-07-07T09:11:40+00:00","breadcrumb":{"@id":"https:\/\/www.visicontrol.com\/service\/ersatzteile-reparatur\/#breadcrumb"},"inLanguage":"en-GB","potentialAction":[{"@type":"ReadAction","target":["https:\/\/www.visicontrol.com\/service\/ersatzteile-reparatur\/"]}]},{"@type":"BreadcrumbList","@id":"https:\/\/www.visicontrol.com\/service\/ersatzteile-reparatur\/#breadcrumb","itemListElement":[{"@type":"ListItem","position":1,"name":"Startseite","item":"https:\/\/www.visicontrol.com\/"},{"@type":"ListItem","position":2,"name":"Service","item":"https:\/\/www.visicontrol.com\/service\/"},{"@type":"ListItem","position":3,"name":"Ersatzteile\/Reparatur"}]},{"@type":"WebSite","@id":"https:\/\/www.visicontrol.com\/#website","url":"https:\/\/www.visicontrol.com\/","name":"visicontrol","description":"Mess- und Pr\u00fcfautomatisierung","publisher":{"@id":"https:\/\/www.visicontrol.com\/#organization"},"potentialAction":[{"@type":"SearchAction","target":{"@type":"EntryPoint","urlTemplate":"https:\/\/www.visicontrol.com\/?s={search_term_string}"},"query-input":{"@type":"PropertyValueSpecification","valueRequired":true,"valueName":"search_term_string"}}],"inLanguage":"en-GB"},{"@type":"Organization","@id":"https:\/\/www.visicontrol.com\/#organization","name":"visicontrol","url":"https:\/\/www.visicontrol.com\/","logo":{"@type":"ImageObject","inLanguage":"en-GB","@id":"https:\/\/www.visicontrol.com\/#\/schema\/logo\/image\/","url":"https:\/\/www.visicontrol.com\/wp-content\/uploads\/vc_logo2_300dpi.png","contentUrl":"https:\/\/www.visicontrol.com\/wp-content\/uploads\/vc_logo2_300dpi.png","width":1190,"height":333,"caption":"visicontrol"},"image":{"@id":"https:\/\/www.visicontrol.com\/#\/schema\/logo\/image\/"},"sameAs":["https:\/\/www.youtube.com\/@visicontrol"]}]}},"uagb_featured_image_src":{"full":false,"thumbnail":false,"medium":false,"medium_large":false,"large":false,"1536x1536":false,"2048x2048":false,"trp-custom-language-flag":false},"uagb_author_info":{"display_name":"ciwi","author_link":"https:\/\/www.visicontrol.com\/en\/author\/widenhorn\/"},"uagb_comment_info":0,"uagb_excerpt":"Ihre Produktivit\u00e4t ist unser Auftrag Aufgrund unserer langj\u00e4hrigen Geschichte im Bereich der Pr\u00fcf- und Sortierautomatisierung, sind noch viele Ger\u00e4te im [&hellip;]","_links":{"self":[{"href":"https:\/\/www.visicontrol.com\/en\/wp-json\/wp\/v2\/pages\/682","targetHints":{"allow":["GET"]}}],"collection":[{"href":"https:\/\/www.visicontrol.com\/en\/wp-json\/wp\/v2\/pages"}],"about":[{"href":"https:\/\/www.visicontrol.com\/en\/wp-json\/wp\/v2\/types\/page"}],"author":[{"embeddable":true,"href":"https:\/\/www.visicontrol.com\/en\/wp-json\/wp\/v2\/users\/2"}],"replies":[{"embeddable":true,"href":"https:\/\/www.visicontrol.com\/en\/wp-json\/wp\/v2\/comments?post=682"}],"version-history":[{"count":2,"href":"https:\/\/www.visicontrol.com\/en\/wp-json\/wp\/v2\/pages\/682\/revisions"}],"predecessor-version":[{"id":684,"href":"https:\/\/www.visicontrol.com\/en\/wp-json\/wp\/v2\/pages\/682\/revisions\/684"}],"up":[{"embeddable":true,"href":"https:\/\/www.visicontrol.com\/en\/wp-json\/wp\/v2\/pages\/514"}],"wp:attachment":[{"href":"https:\/\/www.visicontrol.com\/en\/wp-json\/wp\/v2\/media?parent=682"}],"curies":[{"name":"wp","href":"https:\/\/api.w.org\/{rel}","templated":true}]}}