{"id":653,"date":"2024-07-04T12:06:17","date_gmt":"2024-07-04T10:06:17","guid":{"rendered":"https:\/\/www.visicontrol.com\/?page_id=653"},"modified":"2024-11-06T17:47:37","modified_gmt":"2024-11-06T16:47:37","slug":"visiteach","status":"publish","type":"page","link":"https:\/\/www.visicontrol.com\/en\/produkte\/visiteach\/","title":{"rendered":"Software visiTeach+"},"content":{"rendered":"<div class=\"wp-block-media-text is-stacked-on-mobile\" style=\"margin-top:var(--wp--preset--spacing--50);margin-bottom:var(--wp--preset--spacing--50)\"><figure class=\"wp-block-media-text__media\"><img fetchpriority=\"high\" decoding=\"async\" width=\"1024\" height=\"798\" src=\"https:\/\/www.visicontrol.com\/wp-content\/uploads\/visiteach-1024x798.jpg\" alt=\"\" class=\"wp-image-656 size-full\" srcset=\"https:\/\/www.visicontrol.com\/wp-content\/uploads\/visiteach-1024x798.jpg 1024w, https:\/\/www.visicontrol.com\/wp-content\/uploads\/visiteach-500x390.jpg 500w, https:\/\/www.visicontrol.com\/wp-content\/uploads\/visiteach-768x599.jpg 768w, https:\/\/www.visicontrol.com\/wp-content\/uploads\/visiteach-1536x1198.jpg 1536w, https:\/\/www.visicontrol.com\/wp-content\/uploads\/visiteach.jpg 1566w\" sizes=\"(max-width: 1024px) 100vw, 1024px\" \/><\/figure><div class=\"wp-block-media-text__content\">\n<p>visiTeach+ is the low-code vision platform when it comes to reliable and flexible inspection and sorting applications. The software is continuously updated and optimized. The innovative operating concept (\"Everything important at a glance\") is regularly further developed by the experts at visicontrol.<\/p>\n\n\n\n<figure class=\"wp-block-embed is-type-video is-provider-youtube wp-block-embed-youtube wp-embed-aspect-16-9 wp-has-aspect-ratio\"><div class=\"wp-block-embed__wrapper\">\n<iframe hcb-fetch-image-from=\"https:\/\/youtu.be\/I1mM1I8Sbvg\" title=\"visiTeach+\" width=\"500\" height=\"281\" src=\"https:\/\/www.youtube.com\/embed\/I1mM1I8Sbvg?feature=oembed\" frameborder=\"0\" allow=\"accelerometer; autoplay; clipboard-write; encrypted-media; gyroscope; picture-in-picture; web-share\" referrerpolicy=\"strict-origin-when-cross-origin\" allowfullscreen><\/iframe>\n<\/div><\/figure>\n\n\n\n<p><strong><a href=\"https:\/\/www.visicontrol.com\/wp-content\/uploads\/visiteach__2019.pdf\">Data sheet visiTeach+ \u00bb\u00bb<\/a><\/strong><\/p>\n<\/div><\/div>\n\n\n\n<div class=\"wp-block-uagb-separator uagb-block-e751d809\"><div class=\"wp-block-uagb-separator__inner\" style=\"--my-background-image:\"><\/div><\/div>\n\n\n\n<p>More than 200 inspection functions are included in the scope of delivery as standard, which means that extensions and new inspection features can also be integrated into the inspection solution at a later date. Of course, we never train all inspection functions, but only those that are relevant to the customer.<\/p>\n\n\n\n<p>Our goal for our customers is clearly self-help, therefore we train our customers' employees on the customer-specific inspection programs and controls during the acceptance process.<\/p>\n\n\n\n<p>visicontrol also offers refresher trainings on demand.<\/p>\n\n\n\n<ul class=\"wp-block-list\">\n<li>User-friendly graphical user interface<\/li>\n\n\n\n<li>Generic interface to HALCON<\/li>\n\n\n\n<li>Flexible solution options<\/li>\n\n\n\n<li>over 200 inspection functions<\/li>\n\n\n\n<li>continuously developed<\/li>\n\n\n\n<li>own developers in house visicontrol<\/li>\n\n\n\n<li>integration of customer specific solutions<\/li>\n\n\n\n<li>highly flexible due to variant program<\/li>\n\n\n\n<li>always state of the art<\/li>\n<\/ul>\n\n\n\n<div class=\"wp-block-uagb-separator uagb-block-85615486\"><div class=\"wp-block-uagb-separator__inner\" style=\"--my-background-image:\"><\/div><\/div>\n\n\n\n<div style=\"height:100px\" aria-hidden=\"true\" class=\"wp-block-spacer\"><\/div>","protected":false},"excerpt":{"rendered":"<p>\u00dcber 200 Pr\u00fcffunktionen sind standardm\u00e4\u00dfig im Lieferumfang enthalten, dadurch sind auch Erweiterungen und neue Pr\u00fcfmerkmle im Nachgang in die Pr\u00fcfl\u00f6sung [&hellip;]<\/p>\n","protected":false},"author":2,"featured_media":0,"parent":512,"menu_order":0,"comment_status":"closed","ping_status":"closed","template":"","meta":{"_uag_custom_page_level_css":"","site-sidebar-layout":"default","site-content-layout":"","ast-site-content-layout":"default","site-content-style":"default","site-sidebar-style":"default","ast-global-header-display":"","ast-banner-title-visibility":"","ast-main-header-display":"","ast-hfb-above-header-display":"","ast-hfb-below-header-display":"","ast-hfb-mobile-header-display":"","site-post-title":"","ast-breadcrumbs-content":"","ast-featured-img":"","footer-sml-layout":"","ast-disable-related-posts":"","theme-transparent-header-meta":"","adv-header-id-meta":"","stick-header-meta":"","header-above-stick-meta":"","header-main-stick-meta":"","header-below-stick-meta":"","astra-migrate-meta-layouts":"default","ast-page-background-enabled":"default","ast-page-background-meta":{"desktop":{"background-color":"var(--ast-global-color-4)","background-image":"","background-repeat":"repeat","background-position":"center center","background-size":"auto","background-attachment":"scroll","background-type":"","background-media":"","overlay-type":"","overlay-color":"","overlay-opacity":"","overlay-gradient":""},"tablet":{"background-color":"","background-image":"","background-repeat":"repeat","background-position":"center center","background-size":"auto","background-attachment":"scroll","background-type":"","background-media":"","overlay-type":"","overlay-color":"","overlay-opacity":"","overlay-gradient":""},"mobile":{"background-color":"","background-image":"","background-repeat":"repeat","background-position":"center center","background-size":"auto","background-attachment":"scroll","background-type":"","background-media":"","overlay-type":"","overlay-color":"","overlay-opacity":"","overlay-gradient":""}},"ast-content-background-meta":{"desktop":{"background-color":"var(--ast-global-color-5)","background-image":"","background-repeat":"repeat","background-position":"center center","background-size":"auto","background-attachment":"scroll","background-type":"","background-media":"","overlay-type":"","overlay-color":"","overlay-opacity":"","overlay-gradient":""},"tablet":{"background-color":"var(--ast-global-color-5)","background-image":"","background-repeat":"repeat","background-position":"center center","background-size":"auto","background-attachment":"scroll","background-type":"","background-media":"","overlay-type":"","overlay-color":"","overlay-opacity":"","overlay-gradient":""},"mobile":{"background-color":"var(--ast-global-color-5)","background-image":"","background-repeat":"repeat","background-position":"center center","background-size":"auto","background-attachment":"scroll","background-type":"","background-media":"","overlay-type":"","overlay-color":"","overlay-opacity":"","overlay-gradient":""}},"footnotes":""},"class_list":["post-653","page","type-page","status-publish","hentry"],"yoast_head":"<!-- This site is optimized with the Yoast SEO plugin v27.5 - https:\/\/yoast.com\/product\/yoast-seo-wordpress\/ -->\n<title>Software visiTeach+ - visicontrol<\/title>\n<meta name=\"robots\" content=\"index, follow, max-snippet:-1, max-image-preview:large, max-video-preview:-1\" \/>\n<link rel=\"canonical\" href=\"https:\/\/www.visicontrol.com\/en\/produkte\/visiteach\/\" \/>\n<meta property=\"og:locale\" content=\"en_GB\" \/>\n<meta property=\"og:type\" content=\"article\" \/>\n<meta property=\"og:title\" content=\"Software visiTeach+ - visicontrol\" \/>\n<meta property=\"og:description\" content=\"\u00dcber 200 Pr\u00fcffunktionen sind standardm\u00e4\u00dfig im Lieferumfang enthalten, dadurch sind auch Erweiterungen und neue Pr\u00fcfmerkmle im Nachgang in die Pr\u00fcfl\u00f6sung [&hellip;]\" \/>\n<meta property=\"og:url\" content=\"https:\/\/www.visicontrol.com\/en\/produkte\/visiteach\/\" \/>\n<meta property=\"og:site_name\" content=\"visicontrol\" \/>\n<meta property=\"article:modified_time\" content=\"2024-11-06T16:47:37+00:00\" \/>\n<meta property=\"og:image\" content=\"https:\/\/www.visicontrol.com\/wp-content\/uploads\/visiteach.jpg\" \/>\n\t<meta property=\"og:image:width\" content=\"1566\" \/>\n\t<meta property=\"og:image:height\" content=\"1221\" \/>\n\t<meta property=\"og:image:type\" content=\"image\/jpeg\" \/>\n<meta name=\"twitter:card\" content=\"summary_large_image\" \/>\n<meta name=\"twitter:label1\" content=\"Estimated reading time\" \/>\n\t<meta name=\"twitter:data1\" content=\"1 minute\" \/>\n<script type=\"application\/ld+json\" class=\"yoast-schema-graph\">{\"@context\":\"https:\\\/\\\/schema.org\",\"@graph\":[{\"@type\":\"WebPage\",\"@id\":\"https:\\\/\\\/www.visicontrol.com\\\/produkte\\\/visiteach\\\/\",\"url\":\"https:\\\/\\\/www.visicontrol.com\\\/produkte\\\/visiteach\\\/\",\"name\":\"Software visiTeach+ - visicontrol\",\"isPartOf\":{\"@id\":\"https:\\\/\\\/www.visicontrol.com\\\/#website\"},\"primaryImageOfPage\":{\"@id\":\"https:\\\/\\\/www.visicontrol.com\\\/produkte\\\/visiteach\\\/#primaryimage\"},\"image\":{\"@id\":\"https:\\\/\\\/www.visicontrol.com\\\/produkte\\\/visiteach\\\/#primaryimage\"},\"thumbnailUrl\":\"https:\\\/\\\/www.visicontrol.com\\\/wp-content\\\/uploads\\\/visiteach-1024x798.jpg\",\"datePublished\":\"2024-07-04T10:06:17+00:00\",\"dateModified\":\"2024-11-06T16:47:37+00:00\",\"breadcrumb\":{\"@id\":\"https:\\\/\\\/www.visicontrol.com\\\/produkte\\\/visiteach\\\/#breadcrumb\"},\"inLanguage\":\"en-GB\",\"potentialAction\":[{\"@type\":\"ReadAction\",\"target\":[\"https:\\\/\\\/www.visicontrol.com\\\/produkte\\\/visiteach\\\/\"]}]},{\"@type\":\"ImageObject\",\"inLanguage\":\"en-GB\",\"@id\":\"https:\\\/\\\/www.visicontrol.com\\\/produkte\\\/visiteach\\\/#primaryimage\",\"url\":\"https:\\\/\\\/www.visicontrol.com\\\/wp-content\\\/uploads\\\/visiteach-1024x798.jpg\",\"contentUrl\":\"https:\\\/\\\/www.visicontrol.com\\\/wp-content\\\/uploads\\\/visiteach-1024x798.jpg\"},{\"@type\":\"BreadcrumbList\",\"@id\":\"https:\\\/\\\/www.visicontrol.com\\\/produkte\\\/visiteach\\\/#breadcrumb\",\"itemListElement\":[{\"@type\":\"ListItem\",\"position\":1,\"name\":\"Startseite\",\"item\":\"https:\\\/\\\/www.visicontrol.com\\\/\"},{\"@type\":\"ListItem\",\"position\":2,\"name\":\"Produkte\",\"item\":\"https:\\\/\\\/www.visicontrol.com\\\/produkte\\\/\"},{\"@type\":\"ListItem\",\"position\":3,\"name\":\"Software visiTeach+\"}]},{\"@type\":\"WebSite\",\"@id\":\"https:\\\/\\\/www.visicontrol.com\\\/#website\",\"url\":\"https:\\\/\\\/www.visicontrol.com\\\/\",\"name\":\"visicontrol\",\"description\":\"Mess- und Pr\u00fcfautomatisierung\",\"publisher\":{\"@id\":\"https:\\\/\\\/www.visicontrol.com\\\/#organization\"},\"potentialAction\":[{\"@type\":\"SearchAction\",\"target\":{\"@type\":\"EntryPoint\",\"urlTemplate\":\"https:\\\/\\\/www.visicontrol.com\\\/?s={search_term_string}\"},\"query-input\":{\"@type\":\"PropertyValueSpecification\",\"valueRequired\":true,\"valueName\":\"search_term_string\"}}],\"inLanguage\":\"en-GB\"},{\"@type\":\"Organization\",\"@id\":\"https:\\\/\\\/www.visicontrol.com\\\/#organization\",\"name\":\"visicontrol\",\"url\":\"https:\\\/\\\/www.visicontrol.com\\\/\",\"logo\":{\"@type\":\"ImageObject\",\"inLanguage\":\"en-GB\",\"@id\":\"https:\\\/\\\/www.visicontrol.com\\\/#\\\/schema\\\/logo\\\/image\\\/\",\"url\":\"https:\\\/\\\/www.visicontrol.com\\\/wp-content\\\/uploads\\\/vc_logo2_300dpi.png\",\"contentUrl\":\"https:\\\/\\\/www.visicontrol.com\\\/wp-content\\\/uploads\\\/vc_logo2_300dpi.png\",\"width\":1190,\"height\":333,\"caption\":\"visicontrol\"},\"image\":{\"@id\":\"https:\\\/\\\/www.visicontrol.com\\\/#\\\/schema\\\/logo\\\/image\\\/\"},\"sameAs\":[\"https:\\\/\\\/www.youtube.com\\\/@visicontrol\"]}]}<\/script>\n<!-- \/ Yoast SEO plugin. -->","yoast_head_json":{"title":"Software visiTeach+ - visicontrol","robots":{"index":"index","follow":"follow","max-snippet":"max-snippet:-1","max-image-preview":"max-image-preview:large","max-video-preview":"max-video-preview:-1"},"canonical":"https:\/\/www.visicontrol.com\/en\/produkte\/visiteach\/","og_locale":"en_GB","og_type":"article","og_title":"Software visiTeach+ - visicontrol","og_description":"\u00dcber 200 Pr\u00fcffunktionen sind standardm\u00e4\u00dfig im Lieferumfang enthalten, dadurch sind auch Erweiterungen und neue Pr\u00fcfmerkmle im Nachgang in die Pr\u00fcfl\u00f6sung [&hellip;]","og_url":"https:\/\/www.visicontrol.com\/en\/produkte\/visiteach\/","og_site_name":"visicontrol","article_modified_time":"2024-11-06T16:47:37+00:00","og_image":[{"width":1566,"height":1221,"url":"https:\/\/www.visicontrol.com\/wp-content\/uploads\/visiteach.jpg","type":"image\/jpeg"}],"twitter_card":"summary_large_image","twitter_misc":{"Estimated reading time":"1 minute"},"schema":{"@context":"https:\/\/schema.org","@graph":[{"@type":"WebPage","@id":"https:\/\/www.visicontrol.com\/produkte\/visiteach\/","url":"https:\/\/www.visicontrol.com\/produkte\/visiteach\/","name":"Software visiTeach+ - visicontrol","isPartOf":{"@id":"https:\/\/www.visicontrol.com\/#website"},"primaryImageOfPage":{"@id":"https:\/\/www.visicontrol.com\/produkte\/visiteach\/#primaryimage"},"image":{"@id":"https:\/\/www.visicontrol.com\/produkte\/visiteach\/#primaryimage"},"thumbnailUrl":"https:\/\/www.visicontrol.com\/wp-content\/uploads\/visiteach-1024x798.jpg","datePublished":"2024-07-04T10:06:17+00:00","dateModified":"2024-11-06T16:47:37+00:00","breadcrumb":{"@id":"https:\/\/www.visicontrol.com\/produkte\/visiteach\/#breadcrumb"},"inLanguage":"en-GB","potentialAction":[{"@type":"ReadAction","target":["https:\/\/www.visicontrol.com\/produkte\/visiteach\/"]}]},{"@type":"ImageObject","inLanguage":"en-GB","@id":"https:\/\/www.visicontrol.com\/produkte\/visiteach\/#primaryimage","url":"https:\/\/www.visicontrol.com\/wp-content\/uploads\/visiteach-1024x798.jpg","contentUrl":"https:\/\/www.visicontrol.com\/wp-content\/uploads\/visiteach-1024x798.jpg"},{"@type":"BreadcrumbList","@id":"https:\/\/www.visicontrol.com\/produkte\/visiteach\/#breadcrumb","itemListElement":[{"@type":"ListItem","position":1,"name":"Startseite","item":"https:\/\/www.visicontrol.com\/"},{"@type":"ListItem","position":2,"name":"Produkte","item":"https:\/\/www.visicontrol.com\/produkte\/"},{"@type":"ListItem","position":3,"name":"Software visiTeach+"}]},{"@type":"WebSite","@id":"https:\/\/www.visicontrol.com\/#website","url":"https:\/\/www.visicontrol.com\/","name":"visicontrol","description":"Mess- und Pr\u00fcfautomatisierung","publisher":{"@id":"https:\/\/www.visicontrol.com\/#organization"},"potentialAction":[{"@type":"SearchAction","target":{"@type":"EntryPoint","urlTemplate":"https:\/\/www.visicontrol.com\/?s={search_term_string}"},"query-input":{"@type":"PropertyValueSpecification","valueRequired":true,"valueName":"search_term_string"}}],"inLanguage":"en-GB"},{"@type":"Organization","@id":"https:\/\/www.visicontrol.com\/#organization","name":"visicontrol","url":"https:\/\/www.visicontrol.com\/","logo":{"@type":"ImageObject","inLanguage":"en-GB","@id":"https:\/\/www.visicontrol.com\/#\/schema\/logo\/image\/","url":"https:\/\/www.visicontrol.com\/wp-content\/uploads\/vc_logo2_300dpi.png","contentUrl":"https:\/\/www.visicontrol.com\/wp-content\/uploads\/vc_logo2_300dpi.png","width":1190,"height":333,"caption":"visicontrol"},"image":{"@id":"https:\/\/www.visicontrol.com\/#\/schema\/logo\/image\/"},"sameAs":["https:\/\/www.youtube.com\/@visicontrol"]}]}},"uagb_featured_image_src":{"full":false,"thumbnail":false,"medium":false,"medium_large":false,"large":false,"1536x1536":false,"2048x2048":false,"trp-custom-language-flag":false},"uagb_author_info":{"display_name":"ciwi","author_link":"https:\/\/www.visicontrol.com\/en\/author\/widenhorn\/"},"uagb_comment_info":0,"uagb_excerpt":"\u00dcber 200 Pr\u00fcffunktionen sind standardm\u00e4\u00dfig im Lieferumfang enthalten, dadurch sind auch Erweiterungen und neue Pr\u00fcfmerkmle im Nachgang in die Pr\u00fcfl\u00f6sung [&hellip;]","_links":{"self":[{"href":"https:\/\/www.visicontrol.com\/en\/wp-json\/wp\/v2\/pages\/653","targetHints":{"allow":["GET"]}}],"collection":[{"href":"https:\/\/www.visicontrol.com\/en\/wp-json\/wp\/v2\/pages"}],"about":[{"href":"https:\/\/www.visicontrol.com\/en\/wp-json\/wp\/v2\/types\/page"}],"author":[{"embeddable":true,"href":"https:\/\/www.visicontrol.com\/en\/wp-json\/wp\/v2\/users\/2"}],"replies":[{"embeddable":true,"href":"https:\/\/www.visicontrol.com\/en\/wp-json\/wp\/v2\/comments?post=653"}],"version-history":[{"count":5,"href":"https:\/\/www.visicontrol.com\/en\/wp-json\/wp\/v2\/pages\/653\/revisions"}],"predecessor-version":[{"id":1317,"href":"https:\/\/www.visicontrol.com\/en\/wp-json\/wp\/v2\/pages\/653\/revisions\/1317"}],"up":[{"embeddable":true,"href":"https:\/\/www.visicontrol.com\/en\/wp-json\/wp\/v2\/pages\/512"}],"wp:attachment":[{"href":"https:\/\/www.visicontrol.com\/en\/wp-json\/wp\/v2\/media?parent=653"}],"curies":[{"name":"wp","href":"https:\/\/api.w.org\/{rel}","templated":true}]}}