{"id":597,"date":"2024-07-03T22:21:12","date_gmt":"2024-07-03T20:21:12","guid":{"rendered":"https:\/\/www.visicontrol.com\/?page_id=597"},"modified":"2024-11-05T16:35:46","modified_gmt":"2024-11-05T15:35:46","slug":"visisort-sxs","status":"publish","type":"page","link":"https:\/\/www.visicontrol.com\/en\/sortieranlagen\/visisort-sxs\/","title":{"rendered":"visiSort-Sxs simple sorting machine for elongated parts"},"content":{"rendered":"<h2 class=\"wp-block-heading\">Sorting machine with prismatic rails and fixed tilt<\/h2>\n\n\n\n<p><\/p>\n\n\n\n<div class=\"wp-block-media-text is-stacked-on-mobile\" style=\"margin-top:var(--wp--preset--spacing--50);margin-bottom:var(--wp--preset--spacing--50)\"><figure class=\"wp-block-media-text__media\"><img fetchpriority=\"high\" decoding=\"async\" width=\"750\" height=\"727\" src=\"https:\/\/www.visicontrol.com\/wp-content\/uploads\/visiSort-Sxs-970-1.jpg\" alt=\"\" class=\"wp-image-598 size-full\" srcset=\"https:\/\/www.visicontrol.com\/wp-content\/uploads\/visiSort-Sxs-970-1.jpg 750w, https:\/\/www.visicontrol.com\/wp-content\/uploads\/visiSort-Sxs-970-1-500x485.jpg 500w\" sizes=\"(max-width: 750px) 100vw, 750px\" \/><\/figure><div class=\"wp-block-media-text__content\">\n<p>Entry solution for horizontal parts<br>Especially for very small and light parts<\/p>\n\n\n\n<p><strong>Performance features:<\/strong><\/p>\n\n\n\n<ul class=\"wp-block-list\">\n<li>Output up to 250 parts per minute<\/li>\n\n\n\n<li>Up to 3 cameras<\/li>\n\n\n\n<li>Dimensional checks<\/li>\n\n\n\n<li>Tolerances up to \u00b10.02mm<\/li>\n\n\n\n<li>Inclination 45\u00b0<\/li>\n<\/ul>\n\n\n\n<figure class=\"wp-block-embed is-type-video is-provider-youtube wp-block-embed-youtube wp-embed-aspect-16-9 wp-has-aspect-ratio\"><div class=\"wp-block-embed__wrapper\">\n<iframe hcb-fetch-image-from=\"https:\/\/youtu.be\/ISPpbZ05E90\" title=\"visiSort-Sxs\" width=\"500\" height=\"281\" src=\"https:\/\/www.youtube.com\/embed\/ISPpbZ05E90?feature=oembed\" frameborder=\"0\" allow=\"accelerometer; autoplay; clipboard-write; encrypted-media; gyroscope; picture-in-picture; web-share\" referrerpolicy=\"strict-origin-when-cross-origin\" allowfullscreen><\/iframe>\n<\/div><\/figure>\n<\/div><\/div>\n\n\n\n<div style=\"height:41px\" aria-hidden=\"true\" class=\"wp-block-spacer\"><\/div>\n\n\n\n<h2 class=\"wp-block-heading\">Inspection parts<\/h2>\n\n\n\n<figure class=\"wp-block-gallery has-nested-images columns-2 is-cropped wp-block-gallery-1 is-layout-flex wp-block-gallery-is-layout-flex\">\n<figure class=\"wp-block-image size-large\"><img decoding=\"async\" width=\"190\" height=\"139\" data-id=\"586\" src=\"https:\/\/www.visicontrol.com\/wp-content\/uploads\/Teile_V_schiene_01.jpg\" alt=\"\" class=\"wp-image-586\"\/><\/figure>\n\n\n\n<figure class=\"wp-block-image size-large\"><img decoding=\"async\" width=\"1024\" height=\"683\" data-id=\"587\" src=\"https:\/\/www.visicontrol.com\/wp-content\/uploads\/V_Schiene_190x208-1024x683.jpg\" alt=\"\" class=\"wp-image-587\" srcset=\"https:\/\/www.visicontrol.com\/wp-content\/uploads\/V_Schiene_190x208-1024x683.jpg 1024w, https:\/\/www.visicontrol.com\/wp-content\/uploads\/V_Schiene_190x208-500x333.jpg 500w, https:\/\/www.visicontrol.com\/wp-content\/uploads\/V_Schiene_190x208-768x512.jpg 768w, https:\/\/www.visicontrol.com\/wp-content\/uploads\/V_Schiene_190x208-1536x1024.jpg 1536w, https:\/\/www.visicontrol.com\/wp-content\/uploads\/V_Schiene_190x208-18x12.jpg 18w, https:\/\/www.visicontrol.com\/wp-content\/uploads\/V_Schiene_190x208.jpg 1620w\" sizes=\"(max-width: 1024px) 100vw, 1024px\" \/><\/figure>\n<\/figure>\n\n\n\n<p><strong>Parts range<\/strong><\/p>\n\n\n\n<ul class=\"wp-block-list\">\n<li>Cylindrical, elongated parts with V-rail<\/li>\n\n\n\n<li>up to length 50mm, diameter 20mm<\/li>\n\n\n\n<li>from diameter 0,2mm<\/li>\n<\/ul>\n\n\n\n<div style=\"height:36px\" aria-hidden=\"true\" class=\"wp-block-spacer\"><\/div>\n\n\n\n<p><strong>Ejection<\/strong><\/p>\n\n\n\n<ul class=\"wp-block-list\">\n<li>pneumatic<\/li>\n<\/ul>\n\n\n\n<div style=\"height:36px\" aria-hidden=\"true\" class=\"wp-block-spacer\"><\/div>\n\n\n\n<h2 class=\"wp-block-heading\">Inspection procedure<\/h2>\n\n\n\n<p><strong>Measuring:<\/strong><\/p>\n\n\n\n<ul class=\"wp-block-list\">\n<li>Camera from the side<\/li>\n\n\n\n<li>Camera from above<\/li>\n\n\n\n<li>Camera at 60\u00b0, lateral<\/li>\n\n\n\n<li>Telecentric beam path for accurate measurement<\/li>\n<\/ul>\n\n\n\n<figure class=\"wp-block-image size-full is-resized\"><img loading=\"lazy\" decoding=\"async\" width=\"300\" height=\"206\" src=\"https:\/\/www.visicontrol.com\/wp-content\/uploads\/visisort-s_vermessen.jpg\" alt=\"\" class=\"wp-image-594\" style=\"width:240px;height:auto\"\/><\/figure>\n\n\n\n<div style=\"height:36px\" aria-hidden=\"true\" class=\"wp-block-spacer\"><\/div>\n\n\n\n<hr class=\"wp-block-separator has-text-color has-alpha-channel-opacity has-background is-style-wide\" style=\"background-color:#406f7b;color:#406f7b\"\/>\n\n\n\n<div style=\"height:36px\" aria-hidden=\"true\" class=\"wp-block-spacer\"><\/div>\n\n\n\n<p><\/p>\n\n\n\n<p><\/p>","protected":false},"excerpt":{"rendered":"<p>Sortiermaschine mit prismenf\u00f6rmigen Schienen und fester Neigung Pr\u00fcfteile Teilespektrum Ausschleusung Pr\u00fcfvorgang Vermessen:<\/p>","protected":false},"author":2,"featured_media":0,"parent":432,"menu_order":0,"comment_status":"closed","ping_status":"closed","template":"","meta":{"_uag_custom_page_level_css":"","site-sidebar-layout":"default","site-content-layout":"","ast-site-content-layout":"default","site-content-style":"default","site-sidebar-style":"default","ast-global-header-display":"","ast-banner-title-visibility":"","ast-main-header-display":"","ast-hfb-above-header-display":"","ast-hfb-below-header-display":"","ast-hfb-mobile-header-display":"","site-post-title":"","ast-breadcrumbs-content":"","ast-featured-img":"","footer-sml-layout":"","ast-disable-related-posts":"","theme-transparent-header-meta":"","adv-header-id-meta":"","stick-header-meta":"","header-above-stick-meta":"","header-main-stick-meta":"","header-below-stick-meta":"","astra-migrate-meta-layouts":"default","ast-page-background-enabled":"default","ast-page-background-meta":{"desktop":{"background-color":"var(--ast-global-color-4)","background-image":"","background-repeat":"repeat","background-position":"center center","background-size":"auto","background-attachment":"scroll","background-type":"","background-media":"","overlay-type":"","overlay-color":"","overlay-opacity":"","overlay-gradient":""},"tablet":{"background-color":"","background-image":"","background-repeat":"repeat","background-position":"center center","background-size":"auto","background-attachment":"scroll","background-type":"","background-media":"","overlay-type":"","overlay-color":"","overlay-opacity":"","overlay-gradient":""},"mobile":{"background-color":"","background-image":"","background-repeat":"repeat","background-position":"center center","background-size":"auto","background-attachment":"scroll","background-type":"","background-media":"","overlay-type":"","overlay-color":"","overlay-opacity":"","overlay-gradient":""}},"ast-content-background-meta":{"desktop":{"background-color":"var(--ast-global-color-5)","background-image":"","background-repeat":"repeat","background-position":"center center","background-size":"auto","background-attachment":"scroll","background-type":"","background-media":"","overlay-type":"","overlay-color":"","overlay-opacity":"","overlay-gradient":""},"tablet":{"background-color":"var(--ast-global-color-5)","background-image":"","background-repeat":"repeat","background-position":"center center","background-size":"auto","background-attachment":"scroll","background-type":"","background-media":"","overlay-type":"","overlay-color":"","overlay-opacity":"","overlay-gradient":""},"mobile":{"background-color":"var(--ast-global-color-5)","background-image":"","background-repeat":"repeat","background-position":"center center","background-size":"auto","background-attachment":"scroll","background-type":"","background-media":"","overlay-type":"","overlay-color":"","overlay-opacity":"","overlay-gradient":""}},"footnotes":""},"class_list":["post-597","page","type-page","status-publish","hentry"],"yoast_head":"<!-- This site is optimized with the Yoast SEO plugin v27.5 - https:\/\/yoast.com\/product\/yoast-seo-wordpress\/ -->\n<title>visiSort-Sxs einfache Sortiermaschine f\u00fcr l\u00e4ngliche Teile - visicontrol<\/title>\n<meta name=\"robots\" content=\"index, follow, max-snippet:-1, max-image-preview:large, max-video-preview:-1\" \/>\n<link rel=\"canonical\" href=\"https:\/\/www.visicontrol.com\/en\/sortieranlagen\/visisort-sxs\/\" \/>\n<meta property=\"og:locale\" content=\"en_GB\" \/>\n<meta property=\"og:type\" content=\"article\" \/>\n<meta property=\"og:title\" content=\"visiSort-Sxs einfache Sortiermaschine f\u00fcr l\u00e4ngliche Teile - visicontrol\" \/>\n<meta property=\"og:description\" content=\"Sortiermaschine mit prismenf\u00f6rmigen Schienen und fester Neigung Pr\u00fcfteile Teilespektrum Ausschleusung Pr\u00fcfvorgang Vermessen:\" \/>\n<meta property=\"og:url\" content=\"https:\/\/www.visicontrol.com\/en\/sortieranlagen\/visisort-sxs\/\" \/>\n<meta property=\"og:site_name\" content=\"visicontrol\" \/>\n<meta property=\"article:modified_time\" content=\"2024-11-05T15:35:46+00:00\" \/>\n<meta property=\"og:image\" content=\"https:\/\/www.visicontrol.com\/wp-content\/uploads\/visiSort-Sxs-970-1.jpg\" \/>\n\t<meta property=\"og:image:width\" content=\"750\" \/>\n\t<meta property=\"og:image:height\" content=\"727\" \/>\n\t<meta property=\"og:image:type\" content=\"image\/jpeg\" \/>\n<meta name=\"twitter:card\" content=\"summary_large_image\" \/>\n<meta name=\"twitter:label1\" content=\"Estimated reading time\" \/>\n\t<meta name=\"twitter:data1\" content=\"2 minutes\" \/>\n<script type=\"application\/ld+json\" class=\"yoast-schema-graph\">{\"@context\":\"https:\\\/\\\/schema.org\",\"@graph\":[{\"@type\":\"WebPage\",\"@id\":\"https:\\\/\\\/www.visicontrol.com\\\/sortieranlagen\\\/visisort-sxs\\\/\",\"url\":\"https:\\\/\\\/www.visicontrol.com\\\/sortieranlagen\\\/visisort-sxs\\\/\",\"name\":\"visiSort-Sxs einfache Sortiermaschine f\u00fcr l\u00e4ngliche Teile - visicontrol\",\"isPartOf\":{\"@id\":\"https:\\\/\\\/www.visicontrol.com\\\/#website\"},\"primaryImageOfPage\":{\"@id\":\"https:\\\/\\\/www.visicontrol.com\\\/sortieranlagen\\\/visisort-sxs\\\/#primaryimage\"},\"image\":{\"@id\":\"https:\\\/\\\/www.visicontrol.com\\\/sortieranlagen\\\/visisort-sxs\\\/#primaryimage\"},\"thumbnailUrl\":\"https:\\\/\\\/www.visicontrol.com\\\/wp-content\\\/uploads\\\/visiSort-Sxs-970-1.jpg\",\"datePublished\":\"2024-07-03T20:21:12+00:00\",\"dateModified\":\"2024-11-05T15:35:46+00:00\",\"breadcrumb\":{\"@id\":\"https:\\\/\\\/www.visicontrol.com\\\/sortieranlagen\\\/visisort-sxs\\\/#breadcrumb\"},\"inLanguage\":\"en-GB\",\"potentialAction\":[{\"@type\":\"ReadAction\",\"target\":[\"https:\\\/\\\/www.visicontrol.com\\\/sortieranlagen\\\/visisort-sxs\\\/\"]}]},{\"@type\":\"ImageObject\",\"inLanguage\":\"en-GB\",\"@id\":\"https:\\\/\\\/www.visicontrol.com\\\/sortieranlagen\\\/visisort-sxs\\\/#primaryimage\",\"url\":\"https:\\\/\\\/www.visicontrol.com\\\/wp-content\\\/uploads\\\/visiSort-Sxs-970-1.jpg\",\"contentUrl\":\"https:\\\/\\\/www.visicontrol.com\\\/wp-content\\\/uploads\\\/visiSort-Sxs-970-1.jpg\"},{\"@type\":\"BreadcrumbList\",\"@id\":\"https:\\\/\\\/www.visicontrol.com\\\/sortieranlagen\\\/visisort-sxs\\\/#breadcrumb\",\"itemListElement\":[{\"@type\":\"ListItem\",\"position\":1,\"name\":\"Startseite\",\"item\":\"https:\\\/\\\/www.visicontrol.com\\\/\"},{\"@type\":\"ListItem\",\"position\":2,\"name\":\"Sortieranlagen\",\"item\":\"https:\\\/\\\/www.visicontrol.com\\\/sortieranlagen\\\/\"},{\"@type\":\"ListItem\",\"position\":3,\"name\":\"visiSort-Sxs einfache Sortiermaschine f\u00fcr l\u00e4ngliche Teile\"}]},{\"@type\":\"WebSite\",\"@id\":\"https:\\\/\\\/www.visicontrol.com\\\/#website\",\"url\":\"https:\\\/\\\/www.visicontrol.com\\\/\",\"name\":\"visicontrol\",\"description\":\"Mess- und Pr\u00fcfautomatisierung\",\"publisher\":{\"@id\":\"https:\\\/\\\/www.visicontrol.com\\\/#organization\"},\"potentialAction\":[{\"@type\":\"SearchAction\",\"target\":{\"@type\":\"EntryPoint\",\"urlTemplate\":\"https:\\\/\\\/www.visicontrol.com\\\/?s={search_term_string}\"},\"query-input\":{\"@type\":\"PropertyValueSpecification\",\"valueRequired\":true,\"valueName\":\"search_term_string\"}}],\"inLanguage\":\"en-GB\"},{\"@type\":\"Organization\",\"@id\":\"https:\\\/\\\/www.visicontrol.com\\\/#organization\",\"name\":\"visicontrol\",\"url\":\"https:\\\/\\\/www.visicontrol.com\\\/\",\"logo\":{\"@type\":\"ImageObject\",\"inLanguage\":\"en-GB\",\"@id\":\"https:\\\/\\\/www.visicontrol.com\\\/#\\\/schema\\\/logo\\\/image\\\/\",\"url\":\"https:\\\/\\\/www.visicontrol.com\\\/wp-content\\\/uploads\\\/vc_logo2_300dpi.png\",\"contentUrl\":\"https:\\\/\\\/www.visicontrol.com\\\/wp-content\\\/uploads\\\/vc_logo2_300dpi.png\",\"width\":1190,\"height\":333,\"caption\":\"visicontrol\"},\"image\":{\"@id\":\"https:\\\/\\\/www.visicontrol.com\\\/#\\\/schema\\\/logo\\\/image\\\/\"},\"sameAs\":[\"https:\\\/\\\/www.youtube.com\\\/@visicontrol\"]}]}<\/script>\n<!-- \/ Yoast SEO plugin. -->","yoast_head_json":{"title":"visiSort-Sxs einfache Sortiermaschine f\u00fcr l\u00e4ngliche Teile - visicontrol","robots":{"index":"index","follow":"follow","max-snippet":"max-snippet:-1","max-image-preview":"max-image-preview:large","max-video-preview":"max-video-preview:-1"},"canonical":"https:\/\/www.visicontrol.com\/en\/sortieranlagen\/visisort-sxs\/","og_locale":"en_GB","og_type":"article","og_title":"visiSort-Sxs einfache Sortiermaschine f\u00fcr l\u00e4ngliche Teile - visicontrol","og_description":"Sortiermaschine mit prismenf\u00f6rmigen Schienen und fester Neigung Pr\u00fcfteile Teilespektrum Ausschleusung Pr\u00fcfvorgang Vermessen:","og_url":"https:\/\/www.visicontrol.com\/en\/sortieranlagen\/visisort-sxs\/","og_site_name":"visicontrol","article_modified_time":"2024-11-05T15:35:46+00:00","og_image":[{"width":750,"height":727,"url":"https:\/\/www.visicontrol.com\/wp-content\/uploads\/visiSort-Sxs-970-1.jpg","type":"image\/jpeg"}],"twitter_card":"summary_large_image","twitter_misc":{"Estimated reading time":"2 minutes"},"schema":{"@context":"https:\/\/schema.org","@graph":[{"@type":"WebPage","@id":"https:\/\/www.visicontrol.com\/sortieranlagen\/visisort-sxs\/","url":"https:\/\/www.visicontrol.com\/sortieranlagen\/visisort-sxs\/","name":"visiSort-Sxs einfache Sortiermaschine f\u00fcr l\u00e4ngliche Teile - visicontrol","isPartOf":{"@id":"https:\/\/www.visicontrol.com\/#website"},"primaryImageOfPage":{"@id":"https:\/\/www.visicontrol.com\/sortieranlagen\/visisort-sxs\/#primaryimage"},"image":{"@id":"https:\/\/www.visicontrol.com\/sortieranlagen\/visisort-sxs\/#primaryimage"},"thumbnailUrl":"https:\/\/www.visicontrol.com\/wp-content\/uploads\/visiSort-Sxs-970-1.jpg","datePublished":"2024-07-03T20:21:12+00:00","dateModified":"2024-11-05T15:35:46+00:00","breadcrumb":{"@id":"https:\/\/www.visicontrol.com\/sortieranlagen\/visisort-sxs\/#breadcrumb"},"inLanguage":"en-GB","potentialAction":[{"@type":"ReadAction","target":["https:\/\/www.visicontrol.com\/sortieranlagen\/visisort-sxs\/"]}]},{"@type":"ImageObject","inLanguage":"en-GB","@id":"https:\/\/www.visicontrol.com\/sortieranlagen\/visisort-sxs\/#primaryimage","url":"https:\/\/www.visicontrol.com\/wp-content\/uploads\/visiSort-Sxs-970-1.jpg","contentUrl":"https:\/\/www.visicontrol.com\/wp-content\/uploads\/visiSort-Sxs-970-1.jpg"},{"@type":"BreadcrumbList","@id":"https:\/\/www.visicontrol.com\/sortieranlagen\/visisort-sxs\/#breadcrumb","itemListElement":[{"@type":"ListItem","position":1,"name":"Startseite","item":"https:\/\/www.visicontrol.com\/"},{"@type":"ListItem","position":2,"name":"Sortieranlagen","item":"https:\/\/www.visicontrol.com\/sortieranlagen\/"},{"@type":"ListItem","position":3,"name":"visiSort-Sxs einfache Sortiermaschine f\u00fcr l\u00e4ngliche Teile"}]},{"@type":"WebSite","@id":"https:\/\/www.visicontrol.com\/#website","url":"https:\/\/www.visicontrol.com\/","name":"visicontrol","description":"Mess- und Pr\u00fcfautomatisierung","publisher":{"@id":"https:\/\/www.visicontrol.com\/#organization"},"potentialAction":[{"@type":"SearchAction","target":{"@type":"EntryPoint","urlTemplate":"https:\/\/www.visicontrol.com\/?s={search_term_string}"},"query-input":{"@type":"PropertyValueSpecification","valueRequired":true,"valueName":"search_term_string"}}],"inLanguage":"en-GB"},{"@type":"Organization","@id":"https:\/\/www.visicontrol.com\/#organization","name":"visicontrol","url":"https:\/\/www.visicontrol.com\/","logo":{"@type":"ImageObject","inLanguage":"en-GB","@id":"https:\/\/www.visicontrol.com\/#\/schema\/logo\/image\/","url":"https:\/\/www.visicontrol.com\/wp-content\/uploads\/vc_logo2_300dpi.png","contentUrl":"https:\/\/www.visicontrol.com\/wp-content\/uploads\/vc_logo2_300dpi.png","width":1190,"height":333,"caption":"visicontrol"},"image":{"@id":"https:\/\/www.visicontrol.com\/#\/schema\/logo\/image\/"},"sameAs":["https:\/\/www.youtube.com\/@visicontrol"]}]}},"uagb_featured_image_src":{"full":false,"thumbnail":false,"medium":false,"medium_large":false,"large":false,"1536x1536":false,"2048x2048":false,"trp-custom-language-flag":false},"uagb_author_info":{"display_name":"ciwi","author_link":"https:\/\/www.visicontrol.com\/en\/author\/widenhorn\/"},"uagb_comment_info":0,"uagb_excerpt":"Sortiermaschine mit prismenf\u00f6rmigen Schienen und fester Neigung Pr\u00fcfteile Teilespektrum Ausschleusung Pr\u00fcfvorgang Vermessen:","_links":{"self":[{"href":"https:\/\/www.visicontrol.com\/en\/wp-json\/wp\/v2\/pages\/597","targetHints":{"allow":["GET"]}}],"collection":[{"href":"https:\/\/www.visicontrol.com\/en\/wp-json\/wp\/v2\/pages"}],"about":[{"href":"https:\/\/www.visicontrol.com\/en\/wp-json\/wp\/v2\/types\/page"}],"author":[{"embeddable":true,"href":"https:\/\/www.visicontrol.com\/en\/wp-json\/wp\/v2\/users\/2"}],"replies":[{"embeddable":true,"href":"https:\/\/www.visicontrol.com\/en\/wp-json\/wp\/v2\/comments?post=597"}],"version-history":[{"count":6,"href":"https:\/\/www.visicontrol.com\/en\/wp-json\/wp\/v2\/pages\/597\/revisions"}],"predecessor-version":[{"id":1264,"href":"https:\/\/www.visicontrol.com\/en\/wp-json\/wp\/v2\/pages\/597\/revisions\/1264"}],"up":[{"embeddable":true,"href":"https:\/\/www.visicontrol.com\/en\/wp-json\/wp\/v2\/pages\/432"}],"wp:attachment":[{"href":"https:\/\/www.visicontrol.com\/en\/wp-json\/wp\/v2\/media?parent=597"}],"curies":[{"name":"wp","href":"https:\/\/api.w.org\/{rel}","templated":true}]}}