{"id":432,"date":"2024-07-02T20:49:40","date_gmt":"2024-07-02T18:49:40","guid":{"rendered":"https:\/\/www.visicontrol.com\/?page_id=432"},"modified":"2025-05-12T11:01:25","modified_gmt":"2025-05-12T09:01:25","slug":"sortieranlagen","status":"publish","type":"page","link":"https:\/\/www.visicontrol.com\/en\/sortieranlagen\/","title":{"rendered":"Sorting systems"},"content":{"rendered":"<div data-elementor-type=\"wp-page\" data-elementor-id=\"432\" class=\"elementor elementor-432\">\n\t\t\t\t<div class=\"elementor-element elementor-element-86949a3 e-flex e-con-boxed e-con e-parent\" data-id=\"86949a3\" data-element_type=\"container\" data-e-type=\"container\" data-settings=\"{&quot;background_background&quot;:&quot;classic&quot;}\">\n\t\t\t\t\t<div class=\"e-con-inner\">\n\t\t\t\t\t<\/div>\n\t\t\t\t<\/div>\n\t\t<div class=\"elementor-element elementor-element-da0a268 e-flex e-con-boxed e-con e-parent\" data-id=\"da0a268\" data-element_type=\"container\" data-e-type=\"container\">\n\t\t\t\t\t<div class=\"e-con-inner\">\n\t\t\t\t<div class=\"elementor-element elementor-element-c806a0c elementor-align-right elementor-fixed elementor-widget elementor-widget-button\" data-id=\"c806a0c\" data-element_type=\"widget\" data-e-type=\"widget\" data-settings=\"{&quot;_position&quot;:&quot;fixed&quot;}\" data-widget_type=\"button.default\">\n\t\t\t\t<div class=\"elementor-widget-container\">\n\t\t\t\t\t\t\t\t\t<div class=\"elementor-button-wrapper\">\n\t\t\t\t\t<a class=\"elementor-button elementor-button-link elementor-size-sm\" href=\"#\" id=\"cta-button\">\n\t\t\t\t\t\t<span class=\"elementor-button-content-wrapper\">\n\t\t\t\t\t\t<span class=\"elementor-button-icon\">\n\t\t\t\t<svg xmlns=\"http:\/\/www.w3.org\/2000\/svg\" id=\"Ebene_1\" data-name=\"Ebene 1\" viewbox=\"0 0 21.66 19.79\"><defs><style>      .cls-1 {        fill: #fff;        stroke-width: 0px;      }    <\/style><\/defs><path class=\"cls-1\" d=\"M2.15,18.83l-.33-.93,2.3-3.95-.23-.21c-.29-.26-.53-.47-.76-.7-1.38-1.33-2.13-2.99-2.12-4.7,0-1.68.77-3.31,2.13-4.59C5.64,1.39,8.76.47,12.66.92c2.44.28,4.44,1.17,6.09,2.7,1.48,1.37,2.28,3.1,2.26,4.88-.02,1.73-.83,3.4-2.29,4.68-3.02,2.67-6.64,3.43-11.06,2.34-.63-.15-.99-.05-1.55.45-.79.7-1.65,1.29-2.49,1.85-.35.24-.7.47-1.05.72l-.43.3ZM10.82,1.61c-2.85,0-5.21.9-7.15,2.73-1.2,1.13-1.87,2.56-1.88,4.02,0,1.48.66,2.95,1.88,4.12.23.22.46.43.74.68l.71.64-1.95,3.36s0,0,0,0c.82-.55,1.66-1.12,2.41-1.78.76-.68,1.38-.85,2.27-.63,4.15,1.03,7.53.32,10.34-2.16,1.28-1.13,2-2.58,2.02-4.09.02-1.55-.69-3.07-2-4.29-1.53-1.42-3.38-2.23-5.65-2.49-.6-.07-1.18-.1-1.74-.1Z\"><\/path><path class=\"cls-1\" d=\"M6.94,10.11c0-.52.42-.95.95-.95s.95.43.95.95-.42.95-.95.95-.95-.43-.95-.95\"><\/path><path class=\"cls-1\" d=\"M10.76,10.11c0-.52.42-.95.95-.95s.95.43.95.95-.42.95-.95.95-.95-.43-.95-.95\"><\/path><path class=\"cls-1\" d=\"M14.58,10.11c0-.52.42-.95.95-.95s.95.43.95.95-.42.95-.95.95-.95-.43-.95-.95\"><\/path><\/svg>\t\t\t<\/span>\n\t\t\t\t\t\t\t\t<\/span>\n\t\t\t\t\t<\/a>\n\t\t\t\t<\/div>\n\t\t\t\t\t\t\t\t<\/div>\n\t\t\t\t<\/div>\n\t\t\t\t\t<\/div>\n\t\t\t\t<\/div>\n\t\t<div class=\"elementor-element elementor-element-fca2b26 e-con-full e-flex e-con e-parent\" data-id=\"fca2b26\" data-element_type=\"container\" data-e-type=\"container\">\n\t\t<div class=\"elementor-element elementor-element-d8cf7a1 e-con-full e-flex e-con e-child\" data-id=\"d8cf7a1\" data-element_type=\"container\" data-e-type=\"container\">\n\t\t\t\t<div class=\"elementor-element elementor-element-131f21e elementor-widget elementor-widget-heading\" data-id=\"131f21e\" data-element_type=\"widget\" data-e-type=\"widget\" data-widget_type=\"heading.default\">\n\t\t\t\t<div class=\"elementor-widget-container\">\n\t\t\t\t\t<h3 class=\"elementor-heading-title elementor-size-default\"><b>Komplettsysteme \u2013 von der Zuf\u00fchrung bis zur Datenanbindung<\/b>\n\n<li>Sorting machines<\/li><li>Kundenspezifische Ausstattung\n<\/li><li>Zuf\u00fchrtechnik mit Bauteilvereinzelung\n<\/li><li>Individuelle Peripherie (z.B. Bunker, Verpackung)<\/li> <\/h3>\t\t\t\t<\/div>\n\t\t\t\t<\/div>\n\t\t\t\t<\/div>\n\t\t<div class=\"elementor-element elementor-element-49678d2 e-con-full e-flex e-con e-child\" data-id=\"49678d2\" data-element_type=\"container\" data-e-type=\"container\">\n\t\t\t\t<div class=\"elementor-element elementor-element-40fe39b elementor-widget elementor-widget-heading\" data-id=\"40fe39b\" data-element_type=\"widget\" data-e-type=\"widget\" data-widget_type=\"heading.default\">\n\t\t\t\t<div class=\"elementor-widget-container\">\n\t\t\t\t\t<h4 class=\"elementor-heading-title elementor-size-default\"><strong>vi<\/strong><span><b>sicontrol entwickelt und liefert<\/b> schl\u00fcsselfertige Pr\u00fcf- und Sortiersysteme f\u00fcr die vollautomatisierte Qualit\u00e4tssicherung in der industriellen Fertigung.<\/span><br>\nUnsere Anlagen vereinen leistungsstarke <strong>kamerabasierte Pr\u00fcf- und Messtechnik<\/strong> mit optionaler <strong>Sensorintegration, 3D-Verfahren<\/strong> sowie <strong>Schnittstellen zur Produktionsdatenerfassung<\/strong> wie <strong>MDE\/BDE<\/strong><span>,<\/span> f\u00fcr eine nahtlose Einbindung in Ihre Prozesse und h\u00f6chste Pr\u00fcftransparenz.<\/h4>\t\t\t\t<\/div>\n\t\t\t\t<\/div>\n\t\t\t\t<\/div>\n\t\t\t\t<\/div>\n\t\t<div class=\"elementor-element elementor-element-8365639 e-flex e-con-boxed e-con e-parent\" data-id=\"8365639\" data-element_type=\"container\" data-e-type=\"container\" data-settings=\"{&quot;background_background&quot;:&quot;gradient&quot;}\">\n\t\t\t\t\t<div class=\"e-con-inner\">\n\t\t\t\t<div class=\"elementor-element elementor-element-f9b2b10 elementor-widget elementor-widget-heading\" data-id=\"f9b2b10\" data-element_type=\"widget\" data-e-type=\"widget\" data-widget_type=\"heading.default\">\n\t\t\t\t<div class=\"elementor-widget-container\">\n\t\t\t\t\t<h3 class=\"elementor-heading-title elementor-size-default\">Pr\u00fcf- und Sortiermaschinen ma\u00dfgeschneidert f\u00fcr Ihre Prozesse<\/h3>\t\t\t\t<\/div>\n\t\t\t\t<\/div>\n\t\t\t\t\t<\/div>\n\t\t\t\t<\/div>\n\t\t<div class=\"elementor-element elementor-element-4d6f65d e-flex e-con-boxed e-con e-parent\" data-id=\"4d6f65d\" data-element_type=\"container\" data-e-type=\"container\" data-settings=\"{&quot;background_background&quot;:&quot;gradient&quot;}\">\n\t\t\t\t\t<div class=\"e-con-inner\">\n\t\t<a class=\"elementor-element elementor-element-0d35346 e-con-full e-flex e-con e-child\" data-id=\"0d35346\" data-element_type=\"container\" data-e-type=\"container\" data-settings=\"{&quot;background_background&quot;:&quot;classic&quot;}\" href=\"https:\/\/www.visicontrol.com\/en\/sortieranlagen\/visisort-t\/\">\n\t\t\t\t<div class=\"elementor-element elementor-element-554c737 elementor-widget elementor-widget-heading\" data-id=\"554c737\" data-element_type=\"widget\" data-e-type=\"widget\" data-widget_type=\"heading.default\">\n\t\t\t\t<div class=\"elementor-widget-container\">\n\t\t\t\t\t<h5 class=\"elementor-heading-title elementor-size-default\"><strong>visiSort-T<\/strong><br>\nGlasring<\/h5>\t\t\t\t<\/div>\n\t\t\t\t<\/div>\n\t\t\t\t<\/a>\n\t\t<a class=\"elementor-element elementor-element-d5fc425 e-con-full e-flex e-con e-child\" data-id=\"d5fc425\" data-element_type=\"container\" data-e-type=\"container\" data-settings=\"{&quot;background_background&quot;:&quot;classic&quot;}\" href=\"https:\/\/www.visicontrol.com\/en\/sortieranlagen\/visisort-txs\/\">\n\t\t\t\t<div class=\"elementor-element elementor-element-c1f6d80 elementor-widget elementor-widget-heading\" data-id=\"c1f6d80\" data-element_type=\"widget\" data-e-type=\"widget\" data-widget_type=\"heading.default\">\n\t\t\t\t<div class=\"elementor-widget-container\">\n\t\t\t\t\t<h5 class=\"elementor-heading-title elementor-size-default\"><strong>visiSort-Txs<\/strong><br>\nGlasring<\/h5>\t\t\t\t<\/div>\n\t\t\t\t<\/div>\n\t\t\t\t<\/a>\n\t\t<a class=\"elementor-element elementor-element-794213e e-con-full e-flex e-con e-child\" data-id=\"794213e\" data-element_type=\"container\" data-e-type=\"container\" data-settings=\"{&quot;background_background&quot;:&quot;classic&quot;}\" href=\"https:\/\/www.visicontrol.com\/en\/sortieranlagen\/visisort-s\/\">\n\t\t\t\t<div class=\"elementor-element elementor-element-374517a elementor-widget elementor-widget-heading\" data-id=\"374517a\" data-element_type=\"widget\" data-e-type=\"widget\" data-widget_type=\"heading.default\">\n\t\t\t\t<div class=\"elementor-widget-container\">\n\t\t\t\t\t<h5 class=\"elementor-heading-title elementor-size-default\"><strong>visiSort-S<\/strong><br>\nGlasschiene<\/h5>\t\t\t\t<\/div>\n\t\t\t\t<\/div>\n\t\t\t\t<\/a>\n\t\t<a class=\"elementor-element elementor-element-ed1dd19 e-con-full e-flex e-con e-child\" data-id=\"ed1dd19\" data-element_type=\"container\" data-e-type=\"container\" data-settings=\"{&quot;background_background&quot;:&quot;classic&quot;}\" href=\"https:\/\/www.visicontrol.com\/en\/sortieranlagen\/visisort-sxs\/\">\n\t\t\t\t<div class=\"elementor-element elementor-element-dd911bc elementor-widget elementor-widget-heading\" data-id=\"dd911bc\" data-element_type=\"widget\" data-e-type=\"widget\" data-widget_type=\"heading.default\">\n\t\t\t\t<div class=\"elementor-widget-container\">\n\t\t\t\t\t<h5 class=\"elementor-heading-title elementor-size-default\"><strong>visiSort-Sxs<\/strong><br>\nGlasschiene<\/h5>\t\t\t\t<\/div>\n\t\t\t\t<\/div>\n\t\t\t\t<\/a>\n\t\t\t\t\t<\/div>\n\t\t\t\t<\/div>\n\t\t<div class=\"elementor-element elementor-element-5a50178 e-flex e-con-boxed e-con e-parent\" data-id=\"5a50178\" data-element_type=\"container\" data-e-type=\"container\" data-settings=\"{&quot;background_background&quot;:&quot;gradient&quot;}\">\n\t\t\t\t\t<div class=\"e-con-inner\">\n\t\t<a class=\"elementor-element elementor-element-1a668e7 e-con-full e-flex e-con e-child\" data-id=\"1a668e7\" data-element_type=\"container\" data-e-type=\"container\" data-settings=\"{&quot;background_background&quot;:&quot;classic&quot;}\" href=\"https:\/\/www.visicontrol.com\/en\/sortieranlagen\/visisort-b\/\">\n\t\t\t\t<div class=\"elementor-element elementor-element-fcafbc8 elementor-widget elementor-widget-heading\" data-id=\"fcafbc8\" data-element_type=\"widget\" data-e-type=\"widget\" data-widget_type=\"heading.default\">\n\t\t\t\t<div class=\"elementor-widget-container\">\n\t\t\t\t\t<h5 class=\"elementor-heading-title elementor-size-default\"><strong>visiSort-B <\/strong><br>\nconveyor<\/h5>\t\t\t\t<\/div>\n\t\t\t\t<\/div>\n\t\t\t\t<\/a>\n\t\t<a class=\"elementor-element elementor-element-ad6bfef e-con-full e-flex e-con e-child\" data-id=\"ad6bfef\" data-element_type=\"container\" data-e-type=\"container\" data-settings=\"{&quot;background_background&quot;:&quot;classic&quot;}\" href=\"https:\/\/www.visicontrol.com\/en\/sortieranlagen\/visisort-g\/\">\n\t\t\t\t<div class=\"elementor-element elementor-element-eb9a968 elementor-widget elementor-widget-heading\" data-id=\"eb9a968\" data-element_type=\"widget\" data-e-type=\"widget\" data-widget_type=\"heading.default\">\n\t\t\t\t<div class=\"elementor-widget-container\">\n\t\t\t\t\t<h5 class=\"elementor-heading-title elementor-size-default\"><strong>visiSort-G<\/strong><br>\nLineartakter mit Greifer<\/h5>\t\t\t\t<\/div>\n\t\t\t\t<\/div>\n\t\t\t\t<\/a>\n\t\t<a class=\"elementor-element elementor-element-be6f8f0 e-con-full e-flex e-con e-child\" data-id=\"be6f8f0\" data-element_type=\"container\" data-e-type=\"container\" data-settings=\"{&quot;background_background&quot;:&quot;classic&quot;}\" href=\"https:\/\/www.visicontrol.com\/en\/sortieranlagen\/zubehoer\/\">\n\t\t\t\t<div class=\"elementor-element elementor-element-f99b38a elementor-widget elementor-widget-heading\" data-id=\"f99b38a\" data-element_type=\"widget\" data-e-type=\"widget\" data-widget_type=\"heading.default\">\n\t\t\t\t<div class=\"elementor-widget-container\">\n\t\t\t\t\t<h5 class=\"elementor-heading-title elementor-size-default\"><strong>Accessories<\/strong><br>\nvon A wie Abf\u00fchrband <br>bis Z wie Zuf\u00fchrung <br>\u2026<\/h5>\t\t\t\t<\/div>\n\t\t\t\t<\/div>\n\t\t\t\t<\/a>\n\t\t\t\t\t<\/div>\n\t\t\t\t<\/div>\n\t\t<div class=\"elementor-element elementor-element-e7edbb5 e-con-full e-flex e-con e-parent\" data-id=\"e7edbb5\" data-element_type=\"container\" data-e-type=\"container\">\n\t\t<div class=\"elementor-element elementor-element-5a2e121 e-con-full e-flex e-con e-child\" data-id=\"5a2e121\" data-element_type=\"container\" data-e-type=\"container\">\n\t\t\t\t<div class=\"elementor-element elementor-element-214229d elementor-widget elementor-widget-heading\" data-id=\"214229d\" data-element_type=\"widget\" data-e-type=\"widget\" data-widget_type=\"heading.default\">\n\t\t\t\t<div class=\"elementor-widget-container\">\n\t\t\t\t\t<h4 class=\"elementor-heading-title elementor-size-default\"><p><strong>visicontrol<\/strong> bietet Ihnen ma\u00dfgeschneiderte Pr\u00fcfanlagen zur <strong>vollautomatischen 100\u202f%-Kontrolle und Sortierung von Sch\u00fcttgut und Massenteilen<\/strong>.\nUnsere <span>schl\u00fcsselfertigen Pr\u00fcf- und Sortiermaschinen<\/span> \u00fcbernehmen den gesamten Ablauf, von der <span>Teilezuf\u00fchrung \u00fcber die Pr\u00fcfung bis zur st\u00fcckgenauen Verpackung. <\/span><span>Dank intelligenter Bildverarbeitung, pr\u00e4ziser Mechanik und modularer Software sorgen wir daf\u00fcr, dass nur Bauteile <\/span><span>innerhalb der Spezifikation<\/span><span> Ihre Produktion verlassen. <\/span><span>Das bedeutet f\u00fcr Sie: Vermeidung von Reklamationen, <\/span><span>Fehlerfreiheit, R\u00fcckverfolgbarkeit und h\u00f6chste Prozesssicherheit. <\/span><span><\/span><\/p><\/h4>\t\t\t\t<\/div>\n\t\t\t\t<\/div>\n\t\t\t\t<\/div>\n\t\t\t\t<\/div>\n\t\t\t\t<\/div>","protected":false},"excerpt":{"rendered":"<p>Komplettsysteme \u2013 von der Zuf\u00fchrung bis zur Datenanbindung Pr\u00fcf- und Sortiermaschinen Kundenspezifische Ausstattung Zuf\u00fchrtechnik mit Bauteilvereinzelung Individuelle Peripherie (z.B. Bunker, [&hellip;]<\/p>\n","protected":false},"author":2,"featured_media":0,"parent":0,"menu_order":0,"comment_status":"closed","ping_status":"closed","template":"","meta":{"_uag_custom_page_level_css":"","site-sidebar-layout":"no-sidebar","site-content-layout":"","ast-site-content-layout":"full-width-container","site-content-style":"default","site-sidebar-style":"default","ast-global-header-display":"","ast-banner-title-visibility":"","ast-main-header-display":"","ast-hfb-above-header-display":"","ast-hfb-below-header-display":"","ast-hfb-mobile-header-display":"","site-post-title":"disabled","ast-breadcrumbs-content":"","ast-featured-img":"disabled","footer-sml-layout":"","ast-disable-related-posts":"","theme-transparent-header-meta":"","adv-header-id-meta":"","stick-header-meta":"","header-above-stick-meta":"","header-main-stick-meta":"","header-below-stick-meta":"","astra-migrate-meta-layouts":"default","ast-page-background-enabled":"default","ast-page-background-meta":{"desktop":{"background-color":"var(--ast-global-color-4)","background-image":"","background-repeat":"repeat","background-position":"center center","background-size":"auto","background-attachment":"scroll","background-type":"","background-media":"","overlay-type":"","overlay-color":"","overlay-opacity":"","overlay-gradient":""},"tablet":{"background-color":"","background-image":"","background-repeat":"repeat","background-position":"center center","background-size":"auto","background-attachment":"scroll","background-type":"","background-media":"","overlay-type":"","overlay-color":"","overlay-opacity":"","overlay-gradient":""},"mobile":{"background-color":"","background-image":"","background-repeat":"repeat","background-position":"center center","background-size":"auto","background-attachment":"scroll","background-type":"","background-media":"","overlay-type":"","overlay-color":"","overlay-opacity":"","overlay-gradient":""}},"ast-content-background-meta":{"desktop":{"background-color":"var(--ast-global-color-5)","background-image":"","background-repeat":"repeat","background-position":"center center","background-size":"auto","background-attachment":"scroll","background-type":"","background-media":"","overlay-type":"","overlay-color":"","overlay-opacity":"","overlay-gradient":""},"tablet":{"background-color":"var(--ast-global-color-5)","background-image":"","background-repeat":"repeat","background-position":"center center","background-size":"auto","background-attachment":"scroll","background-type":"","background-media":"","overlay-type":"","overlay-color":"","overlay-opacity":"","overlay-gradient":""},"mobile":{"background-color":"var(--ast-global-color-5)","background-image":"","background-repeat":"repeat","background-position":"center center","background-size":"auto","background-attachment":"scroll","background-type":"","background-media":"","overlay-type":"","overlay-color":"","overlay-opacity":"","overlay-gradient":""}},"footnotes":""},"class_list":["post-432","page","type-page","status-publish","hentry"],"yoast_head":"<!-- This site is optimized with the Yoast SEO plugin v27.5 - https:\/\/yoast.com\/product\/yoast-seo-wordpress\/ -->\n<title>Sortieranlagen - visicontrol<\/title>\n<meta name=\"robots\" content=\"index, follow, max-snippet:-1, max-image-preview:large, max-video-preview:-1\" \/>\n<link rel=\"canonical\" href=\"https:\/\/www.visicontrol.com\/en\/sortieranlagen\/\" \/>\n<meta property=\"og:locale\" content=\"en_GB\" \/>\n<meta property=\"og:type\" content=\"article\" \/>\n<meta property=\"og:title\" content=\"Sortieranlagen - visicontrol\" \/>\n<meta property=\"og:description\" content=\"Komplettsysteme \u2013 von der Zuf\u00fchrung bis zur Datenanbindung Pr\u00fcf- und Sortiermaschinen Kundenspezifische Ausstattung Zuf\u00fchrtechnik mit Bauteilvereinzelung Individuelle Peripherie (z.B. Bunker, [&hellip;]\" \/>\n<meta property=\"og:url\" content=\"https:\/\/www.visicontrol.com\/en\/sortieranlagen\/\" \/>\n<meta property=\"og:site_name\" content=\"visicontrol\" \/>\n<meta property=\"article:modified_time\" content=\"2025-05-12T09:01:25+00:00\" \/>\n<meta name=\"twitter:card\" content=\"summary_large_image\" \/>\n<meta name=\"twitter:label1\" content=\"Estimated reading time\" \/>\n\t<meta name=\"twitter:data1\" content=\"1 minute\" \/>\n<script type=\"application\/ld+json\" class=\"yoast-schema-graph\">{\"@context\":\"https:\\\/\\\/schema.org\",\"@graph\":[{\"@type\":\"WebPage\",\"@id\":\"https:\\\/\\\/www.visicontrol.com\\\/sortieranlagen\\\/\",\"url\":\"https:\\\/\\\/www.visicontrol.com\\\/sortieranlagen\\\/\",\"name\":\"Sortieranlagen - visicontrol\",\"isPartOf\":{\"@id\":\"https:\\\/\\\/www.visicontrol.com\\\/#website\"},\"datePublished\":\"2024-07-02T18:49:40+00:00\",\"dateModified\":\"2025-05-12T09:01:25+00:00\",\"breadcrumb\":{\"@id\":\"https:\\\/\\\/www.visicontrol.com\\\/sortieranlagen\\\/#breadcrumb\"},\"inLanguage\":\"en-GB\",\"potentialAction\":[{\"@type\":\"ReadAction\",\"target\":[\"https:\\\/\\\/www.visicontrol.com\\\/sortieranlagen\\\/\"]}]},{\"@type\":\"BreadcrumbList\",\"@id\":\"https:\\\/\\\/www.visicontrol.com\\\/sortieranlagen\\\/#breadcrumb\",\"itemListElement\":[{\"@type\":\"ListItem\",\"position\":1,\"name\":\"Startseite\",\"item\":\"https:\\\/\\\/www.visicontrol.com\\\/\"},{\"@type\":\"ListItem\",\"position\":2,\"name\":\"Sortieranlagen\"}]},{\"@type\":\"WebSite\",\"@id\":\"https:\\\/\\\/www.visicontrol.com\\\/#website\",\"url\":\"https:\\\/\\\/www.visicontrol.com\\\/\",\"name\":\"visicontrol\",\"description\":\"Mess- und Pr\u00fcfautomatisierung\",\"publisher\":{\"@id\":\"https:\\\/\\\/www.visicontrol.com\\\/#organization\"},\"potentialAction\":[{\"@type\":\"SearchAction\",\"target\":{\"@type\":\"EntryPoint\",\"urlTemplate\":\"https:\\\/\\\/www.visicontrol.com\\\/?s={search_term_string}\"},\"query-input\":{\"@type\":\"PropertyValueSpecification\",\"valueRequired\":true,\"valueName\":\"search_term_string\"}}],\"inLanguage\":\"en-GB\"},{\"@type\":\"Organization\",\"@id\":\"https:\\\/\\\/www.visicontrol.com\\\/#organization\",\"name\":\"visicontrol\",\"url\":\"https:\\\/\\\/www.visicontrol.com\\\/\",\"logo\":{\"@type\":\"ImageObject\",\"inLanguage\":\"en-GB\",\"@id\":\"https:\\\/\\\/www.visicontrol.com\\\/#\\\/schema\\\/logo\\\/image\\\/\",\"url\":\"https:\\\/\\\/www.visicontrol.com\\\/wp-content\\\/uploads\\\/vc_logo2_300dpi.png\",\"contentUrl\":\"https:\\\/\\\/www.visicontrol.com\\\/wp-content\\\/uploads\\\/vc_logo2_300dpi.png\",\"width\":1190,\"height\":333,\"caption\":\"visicontrol\"},\"image\":{\"@id\":\"https:\\\/\\\/www.visicontrol.com\\\/#\\\/schema\\\/logo\\\/image\\\/\"},\"sameAs\":[\"https:\\\/\\\/www.youtube.com\\\/@visicontrol\"]}]}<\/script>\n<!-- \/ Yoast SEO plugin. -->","yoast_head_json":{"title":"Sortieranlagen - visicontrol","robots":{"index":"index","follow":"follow","max-snippet":"max-snippet:-1","max-image-preview":"max-image-preview:large","max-video-preview":"max-video-preview:-1"},"canonical":"https:\/\/www.visicontrol.com\/en\/sortieranlagen\/","og_locale":"en_GB","og_type":"article","og_title":"Sortieranlagen - visicontrol","og_description":"Komplettsysteme \u2013 von der Zuf\u00fchrung bis zur Datenanbindung Pr\u00fcf- und Sortiermaschinen Kundenspezifische Ausstattung Zuf\u00fchrtechnik mit Bauteilvereinzelung Individuelle Peripherie (z.B. Bunker, [&hellip;]","og_url":"https:\/\/www.visicontrol.com\/en\/sortieranlagen\/","og_site_name":"visicontrol","article_modified_time":"2025-05-12T09:01:25+00:00","twitter_card":"summary_large_image","twitter_misc":{"Estimated reading time":"1 minute"},"schema":{"@context":"https:\/\/schema.org","@graph":[{"@type":"WebPage","@id":"https:\/\/www.visicontrol.com\/sortieranlagen\/","url":"https:\/\/www.visicontrol.com\/sortieranlagen\/","name":"Sortieranlagen - visicontrol","isPartOf":{"@id":"https:\/\/www.visicontrol.com\/#website"},"datePublished":"2024-07-02T18:49:40+00:00","dateModified":"2025-05-12T09:01:25+00:00","breadcrumb":{"@id":"https:\/\/www.visicontrol.com\/sortieranlagen\/#breadcrumb"},"inLanguage":"en-GB","potentialAction":[{"@type":"ReadAction","target":["https:\/\/www.visicontrol.com\/sortieranlagen\/"]}]},{"@type":"BreadcrumbList","@id":"https:\/\/www.visicontrol.com\/sortieranlagen\/#breadcrumb","itemListElement":[{"@type":"ListItem","position":1,"name":"Startseite","item":"https:\/\/www.visicontrol.com\/"},{"@type":"ListItem","position":2,"name":"Sortieranlagen"}]},{"@type":"WebSite","@id":"https:\/\/www.visicontrol.com\/#website","url":"https:\/\/www.visicontrol.com\/","name":"visicontrol","description":"Mess- und Pr\u00fcfautomatisierung","publisher":{"@id":"https:\/\/www.visicontrol.com\/#organization"},"potentialAction":[{"@type":"SearchAction","target":{"@type":"EntryPoint","urlTemplate":"https:\/\/www.visicontrol.com\/?s={search_term_string}"},"query-input":{"@type":"PropertyValueSpecification","valueRequired":true,"valueName":"search_term_string"}}],"inLanguage":"en-GB"},{"@type":"Organization","@id":"https:\/\/www.visicontrol.com\/#organization","name":"visicontrol","url":"https:\/\/www.visicontrol.com\/","logo":{"@type":"ImageObject","inLanguage":"en-GB","@id":"https:\/\/www.visicontrol.com\/#\/schema\/logo\/image\/","url":"https:\/\/www.visicontrol.com\/wp-content\/uploads\/vc_logo2_300dpi.png","contentUrl":"https:\/\/www.visicontrol.com\/wp-content\/uploads\/vc_logo2_300dpi.png","width":1190,"height":333,"caption":"visicontrol"},"image":{"@id":"https:\/\/www.visicontrol.com\/#\/schema\/logo\/image\/"},"sameAs":["https:\/\/www.youtube.com\/@visicontrol"]}]}},"uagb_featured_image_src":{"full":false,"thumbnail":false,"medium":false,"medium_large":false,"large":false,"1536x1536":false,"2048x2048":false,"trp-custom-language-flag":false},"uagb_author_info":{"display_name":"ciwi","author_link":"https:\/\/www.visicontrol.com\/en\/author\/widenhorn\/"},"uagb_comment_info":0,"uagb_excerpt":"Komplettsysteme \u2013 von der Zuf\u00fchrung bis zur Datenanbindung Pr\u00fcf- und Sortiermaschinen Kundenspezifische Ausstattung Zuf\u00fchrtechnik mit Bauteilvereinzelung Individuelle Peripherie (z.B. Bunker, [&hellip;]","_links":{"self":[{"href":"https:\/\/www.visicontrol.com\/en\/wp-json\/wp\/v2\/pages\/432","targetHints":{"allow":["GET"]}}],"collection":[{"href":"https:\/\/www.visicontrol.com\/en\/wp-json\/wp\/v2\/pages"}],"about":[{"href":"https:\/\/www.visicontrol.com\/en\/wp-json\/wp\/v2\/types\/page"}],"author":[{"embeddable":true,"href":"https:\/\/www.visicontrol.com\/en\/wp-json\/wp\/v2\/users\/2"}],"replies":[{"embeddable":true,"href":"https:\/\/www.visicontrol.com\/en\/wp-json\/wp\/v2\/comments?post=432"}],"version-history":[{"count":62,"href":"https:\/\/www.visicontrol.com\/en\/wp-json\/wp\/v2\/pages\/432\/revisions"}],"predecessor-version":[{"id":1440,"href":"https:\/\/www.visicontrol.com\/en\/wp-json\/wp\/v2\/pages\/432\/revisions\/1440"}],"wp:attachment":[{"href":"https:\/\/www.visicontrol.com\/en\/wp-json\/wp\/v2\/media?parent=432"}],"curies":[{"name":"wp","href":"https:\/\/api.w.org\/{rel}","templated":true}]}}